{"id":1051,"date":"2016-01-31T10:41:59","date_gmt":"2016-01-31T16:41:59","guid":{"rendered":"http:\/\/demo.themefreesia.com\/freesia-empire\/?page_id=192"},"modified":"2020-10-12T11:17:16","modified_gmt":"2020-10-12T16:17:16","slug":"contacto","status":"publish","type":"page","link":"https:\/\/www.conservatoriodelasrosas.edu.mx\/Web\/contacto\/","title":{"rendered":"Contacto"},"content":{"rendered":"\t\t<div data-elementor-type=\"wp-page\" data-elementor-id=\"1051\" class=\"elementor elementor-1051\">\n\t\t\t\t\t\t<section class=\"elementor-section elementor-top-section elementor-element elementor-element-96bec6a elementor-section-stretched elementor-section-full_width elementor-section-height-min-height elementor-section-height-default elementor-section-items-middle\" data-id=\"96bec6a\" data-element_type=\"section\" data-e-type=\"section\" data-settings=\"{&quot;stretch_section&quot;:&quot;section-stretched&quot;,&quot;background_background&quot;:&quot;slideshow&quot;,&quot;background_slideshow_gallery&quot;:[{&quot;id&quot;:1262,&quot;url&quot;:&quot;https:\\\/\\\/www.conservatoriodelasrosas.edu.mx\\\/Web\\\/wp-content\\\/uploads\\\/2019\\\/11\\\/Arcos-del-conservatorio-scaled.jpg&quot;}],&quot;background_slideshow_loop&quot;:&quot;yes&quot;,&quot;background_slideshow_slide_duration&quot;:5000,&quot;background_slideshow_slide_transition&quot;:&quot;fade&quot;,&quot;background_slideshow_transition_duration&quot;:500}\">\n\t\t\t\t\t\t<div class=\"elementor-container elementor-column-gap-default\">\n\t\t\t\t\t<div class=\"elementor-column elementor-col-100 elementor-top-column elementor-element elementor-element-0473152\" data-id=\"0473152\" data-element_type=\"column\" data-e-type=\"column\">\n\t\t\t<div class=\"elementor-widget-wrap elementor-element-populated\">\n\t\t\t\t\t\t<div class=\"elementor-element elementor-element-2259115 elementor-widget elementor-widget-heading\" data-id=\"2259115\" data-element_type=\"widget\" data-e-type=\"widget\" data-widget_type=\"heading.default\">\n\t\t\t\t<div class=\"elementor-widget-container\">\n\t\t\t\t\t<h1 class=\"elementor-heading-title elementor-size-xl\">Contacto<\/h1>\t\t\t\t<\/div>\n\t\t\t\t<\/div>\n\t\t\t\t\t<\/div>\n\t\t<\/div>\n\t\t\t\t\t<\/div>\n\t\t<\/section>\n\t\t\t\t<section class=\"elementor-section elementor-top-section elementor-element elementor-element-6bffca4 elementor-section-boxed elementor-section-height-default elementor-section-height-default\" data-id=\"6bffca4\" data-element_type=\"section\" data-e-type=\"section\">\n\t\t\t\t\t\t<div class=\"elementor-container elementor-column-gap-default\">\n\t\t\t\t\t<div class=\"elementor-column elementor-col-100 elementor-top-column elementor-element elementor-element-a69376d\" data-id=\"a69376d\" data-element_type=\"column\" data-e-type=\"column\">\n\t\t\t<div class=\"elementor-widget-wrap elementor-element-populated\">\n\t\t\t\t\t\t<div class=\"elementor-element elementor-element-5c8c2d3 elementor-widget elementor-widget-text-editor\" data-id=\"5c8c2d3\" data-element_type=\"widget\" data-e-type=\"widget\" data-widget_type=\"text-editor.default\">\n\t\t\t\t<div class=\"elementor-widget-container\">\n\t\t\t\t\t\t\t\t\t<div class=\"column mcb-column one-second column_column column-margin-\"><div class=\"column_attr clearfix align_left animate fadeInDown\" data-anim-type=\"fadeInDown\"><h3 style=\"text-align: center;\"><span style=\"color: #333333;\"><strong>Campus Miguel Bernal Jim\u00e9nez<\/strong><\/span><\/h3><p style=\"margin-bottom: 15px; font-style: normal; font-variant-numeric: inherit; font-variant-east-asian: inherit; font-weight: 400; font-stretch: inherit; font-size: 14px; line-height: inherit; font-family: 'Open Sans', Arial, Tahoma, sans-serif; color: #8d8f92; text-align: center;\"><span style=\"font-variant: inherit; font-weight: bold; font-stretch: inherit; font-size: inherit; line-height: inherit;\">Santiago Tapia No. 334\u00a0Centro Hist\u00f3rico 58000<\/span><\/p><p style=\"margin-bottom: 15px; font-style: normal; font-variant-numeric: inherit; font-variant-east-asian: inherit; font-weight: 400; font-stretch: inherit; font-size: 14px; line-height: inherit; font-family: 'Open Sans', Arial, Tahoma, sans-serif; color: #8d8f92; text-align: center;\"><span style=\"font-variant: inherit; font-weight: bold; font-stretch: inherit; font-size: inherit; line-height: inherit;\">Conmutador: 443 312 1469<\/span><\/p><p style=\"margin-bottom: 15px; font-style: normal; font-variant-numeric: inherit; font-variant-east-asian: inherit; font-weight: 400; font-stretch: inherit; font-size: 14px; line-height: inherit; font-family: 'Open Sans', Arial, Tahoma, sans-serif; color: #8d8f92; text-align: center;\"><span style=\"font-variant: inherit; font-weight: bold; font-stretch: inherit; font-size: inherit; line-height: inherit;\">Morelia, Michoac\u00e1n. M\u00e9xico<\/span><\/p><\/div><\/div>\t\t\t\t\t\t\t\t<\/div>\n\t\t\t\t<\/div>\n\t\t\t\t\t<\/div>\n\t\t<\/div>\n\t\t\t\t\t<\/div>\n\t\t<\/section>\n\t\t\t\t<section class=\"elementor-section elementor-top-section elementor-element elementor-element-ec8208a elementor-section-full_width elementor-section-height-default elementor-section-height-default\" data-id=\"ec8208a\" data-element_type=\"section\" data-e-type=\"section\">\n\t\t\t\t\t\t<div class=\"elementor-container elementor-column-gap-default\">\n\t\t\t\t\t<div class=\"elementor-column elementor-col-100 elementor-top-column elementor-element elementor-element-7e81679\" data-id=\"7e81679\" data-element_type=\"column\" data-e-type=\"column\">\n\t\t\t<div class=\"elementor-widget-wrap elementor-element-populated\">\n\t\t\t\t\t\t<div class=\"elementor-element elementor-element-3dd3612 elementor-widget elementor-widget-google_maps\" data-id=\"3dd3612\" data-element_type=\"widget\" data-e-type=\"widget\" data-widget_type=\"google_maps.default\">\n\t\t\t\t<div class=\"elementor-widget-container\">\n\t\t\t\t\t\t\t<div class=\"elementor-custom-embed\">\n\t\t\t<iframe loading=\"lazy\"\n\t\t\t\t\tsrc=\"https:\/\/maps.google.com\/maps?q=%20Conservatorio%20de%20las%20Rosas%20Calle%20de%20Santiago%20Tapia%20334%2C%20Centro%20hist%C3%B3rico%20de%20Morelia%2C%2058000%20Morelia%2C%20Mich.&#038;t=m&#038;z=10&#038;output=embed&#038;iwloc=near\"\n\t\t\t\t\ttitle=\" Conservatorio de las Rosas Calle de Santiago Tapia 334, Centro hist\u00f3rico de Morelia, 58000 Morelia, Mich.\"\n\t\t\t\t\taria-label=\" Conservatorio de las Rosas Calle de Santiago Tapia 334, Centro hist\u00f3rico de Morelia, 58000 Morelia, Mich.\"\n\t\t\t><\/iframe>\n\t\t<\/div>\n\t\t\t\t\t\t<\/div>\n\t\t\t\t<\/div>\n\t\t\t\t\t<\/div>\n\t\t<\/div>\n\t\t\t\t\t<\/div>\n\t\t<\/section>\n\t\t\t\t<\/div>\n\t\t","protected":false},"excerpt":{"rendered":"<p>Contacto Campus Miguel Bernal Jim\u00e9nez Santiago Tapia No. 334&nbsp;Centro Hist\u00f3rico 58000 Conmutador: 443 312 1469 Morelia, Michoac\u00e1n. M\u00e9xico<\/p>\n","protected":false},"author":2,"featured_media":3133,"parent":0,"menu_order":0,"comment_status":"closed","ping_status":"closed","template":"","meta":{"footnotes":""},"class_list":["post-1051","page","type-page","status-publish","has-post-thumbnail","hentry","clearfix"],"_links":{"self":[{"href":"https:\/\/www.conservatoriodelasrosas.edu.mx\/Web\/wp-json\/wp\/v2\/pages\/1051","targetHints":{"allow":["GET"]}}],"collection":[{"href":"https:\/\/www.conservatoriodelasrosas.edu.mx\/Web\/wp-json\/wp\/v2\/pages"}],"about":[{"href":"https:\/\/www.conservatoriodelasrosas.edu.mx\/Web\/wp-json\/wp\/v2\/types\/page"}],"author":[{"embeddable":true,"href":"https:\/\/www.conservatoriodelasrosas.edu.mx\/Web\/wp-json\/wp\/v2\/users\/2"}],"replies":[{"embeddable":true,"href":"https:\/\/www.conservatoriodelasrosas.edu.mx\/Web\/wp-json\/wp\/v2\/comments?post=1051"}],"version-history":[{"count":24,"href":"https:\/\/www.conservatoriodelasrosas.edu.mx\/Web\/wp-json\/wp\/v2\/pages\/1051\/revisions"}],"predecessor-version":[{"id":3457,"href":"https:\/\/www.conservatoriodelasrosas.edu.mx\/Web\/wp-json\/wp\/v2\/pages\/1051\/revisions\/3457"}],"wp:featuredmedia":[{"embeddable":true,"href":"https:\/\/www.conservatoriodelasrosas.edu.mx\/Web\/wp-json\/wp\/v2\/media\/3133"}],"wp:attachment":[{"href":"https:\/\/www.conservatoriodelasrosas.edu.mx\/Web\/wp-json\/wp\/v2\/media?parent=1051"}],"curies":[{"name":"wp","href":"https:\/\/api.w.org\/{rel}","templated":true}]}}