{"id":1127,"date":"2019-11-06T15:00:02","date_gmt":"2019-11-06T21:00:02","guid":{"rendered":"https:\/\/www.conservatoriodelasrosas.edu.mx\/Web\/?page_id=1127"},"modified":"2020-09-07T11:56:50","modified_gmt":"2020-09-07T16:56:50","slug":"nuestros-catedraticos","status":"publish","type":"page","link":"https:\/\/www.conservatoriodelasrosas.edu.mx\/Web\/campus-miguel-bernal\/nuestros-catedraticos\/","title":{"rendered":"Nuestros Catedr\u00e1ticos"},"content":{"rendered":"\t\t<div data-elementor-type=\"wp-page\" data-elementor-id=\"1127\" class=\"elementor elementor-1127\">\n\t\t\t\t\t\t<section class=\"elementor-section elementor-top-section elementor-element elementor-element-80d6078 elementor-section-stretched elementor-section-full_width elementor-section-height-min-height elementor-section-height-default elementor-section-items-middle\" data-id=\"80d6078\" data-element_type=\"section\" data-e-type=\"section\" data-settings=\"{&quot;stretch_section&quot;:&quot;section-stretched&quot;,&quot;background_background&quot;:&quot;slideshow&quot;,&quot;background_slideshow_gallery&quot;:[{&quot;id&quot;:2070,&quot;url&quot;:&quot;https:\\\/\\\/www.conservatoriodelasrosas.edu.mx\\\/Web\\\/wp-content\\\/uploads\\\/2020\\\/01\\\/Catedr\\u00e1dicos.jpg&quot;}],&quot;background_slideshow_loop&quot;:&quot;yes&quot;,&quot;background_slideshow_slide_duration&quot;:5000,&quot;background_slideshow_slide_transition&quot;:&quot;fade&quot;,&quot;background_slideshow_transition_duration&quot;:500}\">\n\t\t\t\t\t\t<div class=\"elementor-container elementor-column-gap-default\">\n\t\t\t\t\t<div class=\"elementor-column elementor-col-100 elementor-top-column elementor-element elementor-element-437517c\" data-id=\"437517c\" data-element_type=\"column\" data-e-type=\"column\">\n\t\t\t<div class=\"elementor-widget-wrap elementor-element-populated\">\n\t\t\t\t\t\t<div class=\"elementor-element elementor-element-8bf257d elementor-widget elementor-widget-heading\" data-id=\"8bf257d\" data-element_type=\"widget\" data-e-type=\"widget\" data-widget_type=\"heading.default\">\n\t\t\t\t<div class=\"elementor-widget-container\">\n\t\t\t\t\t<h1 class=\"elementor-heading-title elementor-size-xl\">Nuestros Catedr\u00e1ticos<\/h1>\t\t\t\t<\/div>\n\t\t\t\t<\/div>\n\t\t\t\t\t<\/div>\n\t\t<\/div>\n\t\t\t\t\t<\/div>\n\t\t<\/section>\n\t\t\t\t<section class=\"elementor-section elementor-top-section elementor-element elementor-element-04291b1 elementor-section-stretched elementor-section-boxed elementor-section-height-default elementor-section-height-default\" data-id=\"04291b1\" data-element_type=\"section\" data-e-type=\"section\" data-settings=\"{&quot;stretch_section&quot;:&quot;section-stretched&quot;}\">\n\t\t\t\t\t\t<div class=\"elementor-container elementor-column-gap-default\">\n\t\t\t\t\t<div class=\"elementor-column elementor-col-25 elementor-top-column elementor-element elementor-element-2aeadf7\" data-id=\"2aeadf7\" data-element_type=\"column\" data-e-type=\"column\">\n\t\t\t<div class=\"elementor-widget-wrap elementor-element-populated\">\n\t\t\t\t\t\t<div class=\"elementor-element elementor-element-5f0b847 elementor-widget elementor-widget-image\" data-id=\"5f0b847\" data-element_type=\"widget\" data-e-type=\"widget\" data-widget_type=\"image.default\">\n\t\t\t\t<div class=\"elementor-widget-container\">\n\t\t\t\t\t\t\t\t\t\t\t\t\t\t\t\t<a href=\"https:\/\/www.conservatoriodelasrosas.edu.mx\/Web\/alientos-y-metales\/\">\n\t\t\t\t\t\t\t<img decoding=\"async\" width=\"200\" height=\"200\" src=\"https:\/\/www.conservatoriodelasrosas.edu.mx\/Web\/wp-content\/uploads\/2019\/11\/Alientos-2.jpg\" class=\"attachment-large size-large wp-image-1314\" alt=\"Alientos\" srcset=\"https:\/\/www.conservatoriodelasrosas.edu.mx\/Web\/wp-content\/uploads\/2019\/11\/Alientos-2.jpg 200w, https:\/\/www.conservatoriodelasrosas.edu.mx\/Web\/wp-content\/uploads\/2019\/11\/Alientos-2-100x100.jpg 100w, https:\/\/www.conservatoriodelasrosas.edu.mx\/Web\/wp-content\/uploads\/2019\/11\/Alientos-2-150x150.jpg 150w\" sizes=\"(max-width: 200px) 100vw, 200px\" \/>\t\t\t\t\t\t\t\t<\/a>\n\t\t\t\t\t\t\t\t\t\t\t\t\t\t\t<\/div>\n\t\t\t\t<\/div>\n\t\t\t\t<div class=\"elementor-element elementor-element-9aa1027 elementor-widget elementor-widget-heading\" data-id=\"9aa1027\" data-element_type=\"widget\" data-e-type=\"widget\" data-widget_type=\"heading.default\">\n\t\t\t\t<div class=\"elementor-widget-container\">\n\t\t\t\t\t<h2 class=\"elementor-heading-title elementor-size-small\"><a href=\"https:\/\/www.conservatoriodelasrosas.edu.mx\/Web\/alientos-y-metales\/\">Alientos y Metales<\/a><\/h2>\t\t\t\t<\/div>\n\t\t\t\t<\/div>\n\t\t\t\t\t<\/div>\n\t\t<\/div>\n\t\t\t\t<div class=\"elementor-column elementor-col-25 elementor-top-column elementor-element elementor-element-e8fcfbe\" data-id=\"e8fcfbe\" data-element_type=\"column\" data-e-type=\"column\">\n\t\t\t<div class=\"elementor-widget-wrap elementor-element-populated\">\n\t\t\t\t\t\t<div class=\"elementor-element elementor-element-af3d96a elementor-widget elementor-widget-image\" data-id=\"af3d96a\" data-element_type=\"widget\" data-e-type=\"widget\" data-widget_type=\"image.default\">\n\t\t\t\t<div class=\"elementor-widget-container\">\n\t\t\t\t\t\t\t\t\t\t\t\t\t\t\t\t<a href=\"https:\/\/www.conservatoriodelasrosas.edu.mx\/Web\/campus-miguel-bernal\/nuestros-catedraticos\/piano-3-2\/\">\n\t\t\t\t\t\t\t<img decoding=\"async\" width=\"200\" height=\"200\" src=\"https:\/\/www.conservatoriodelasrosas.edu.mx\/Web\/wp-content\/uploads\/2019\/11\/Piano.jpg\" class=\"attachment-large size-large wp-image-1306\" alt=\"Piano\" srcset=\"https:\/\/www.conservatoriodelasrosas.edu.mx\/Web\/wp-content\/uploads\/2019\/11\/Piano.jpg 200w, https:\/\/www.conservatoriodelasrosas.edu.mx\/Web\/wp-content\/uploads\/2019\/11\/Piano-100x100.jpg 100w, https:\/\/www.conservatoriodelasrosas.edu.mx\/Web\/wp-content\/uploads\/2019\/11\/Piano-150x150.jpg 150w\" sizes=\"(max-width: 200px) 100vw, 200px\" \/>\t\t\t\t\t\t\t\t<\/a>\n\t\t\t\t\t\t\t\t\t\t\t\t\t\t\t<\/div>\n\t\t\t\t<\/div>\n\t\t\t\t<div class=\"elementor-element elementor-element-2977e7b elementor-widget elementor-widget-heading\" data-id=\"2977e7b\" data-element_type=\"widget\" data-e-type=\"widget\" data-widget_type=\"heading.default\">\n\t\t\t\t<div class=\"elementor-widget-container\">\n\t\t\t\t\t<h2 class=\"elementor-heading-title elementor-size-small\"><a href=\"https:\/\/www.conservatoriodelasrosas.edu.mx\/Web\/piano\/\">Piano<\/a><\/h2>\t\t\t\t<\/div>\n\t\t\t\t<\/div>\n\t\t\t\t\t<\/div>\n\t\t<\/div>\n\t\t\t\t<div class=\"elementor-column elementor-col-25 elementor-top-column elementor-element elementor-element-ef7fae5\" data-id=\"ef7fae5\" data-element_type=\"column\" data-e-type=\"column\">\n\t\t\t<div class=\"elementor-widget-wrap elementor-element-populated\">\n\t\t\t\t\t\t<div class=\"elementor-element elementor-element-c4ae905 elementor-widget elementor-widget-image\" data-id=\"c4ae905\" data-element_type=\"widget\" data-e-type=\"widget\" data-widget_type=\"image.default\">\n\t\t\t\t<div class=\"elementor-widget-container\">\n\t\t\t\t\t\t\t\t\t\t\t\t\t\t\t\t<a href=\"https:\/\/www.conservatoriodelasrosas.edu.mx\/Web\/composicion\/\">\n\t\t\t\t\t\t\t<img decoding=\"async\" width=\"200\" height=\"200\" src=\"https:\/\/www.conservatoriodelasrosas.edu.mx\/Web\/wp-content\/uploads\/2020\/01\/Composici\u00f3n1.jpg\" class=\"attachment-large size-large wp-image-2042\" alt=\"\" srcset=\"https:\/\/www.conservatoriodelasrosas.edu.mx\/Web\/wp-content\/uploads\/2020\/01\/Composici\u00f3n1.jpg 200w, https:\/\/www.conservatoriodelasrosas.edu.mx\/Web\/wp-content\/uploads\/2020\/01\/Composici\u00f3n1-150x150.jpg 150w\" sizes=\"(max-width: 200px) 100vw, 200px\" \/>\t\t\t\t\t\t\t\t<\/a>\n\t\t\t\t\t\t\t\t\t\t\t\t\t\t\t<\/div>\n\t\t\t\t<\/div>\n\t\t\t\t<div class=\"elementor-element elementor-element-1efb52a elementor-widget elementor-widget-heading\" data-id=\"1efb52a\" data-element_type=\"widget\" data-e-type=\"widget\" data-widget_type=\"heading.default\">\n\t\t\t\t<div class=\"elementor-widget-container\">\n\t\t\t\t\t<h2 class=\"elementor-heading-title elementor-size-small\"><a href=\"https:\/\/www.conservatoriodelasrosas.edu.mx\/Web\/composicion\/\">Composici\u00f3n<\/a><\/h2>\t\t\t\t<\/div>\n\t\t\t\t<\/div>\n\t\t\t\t\t<\/div>\n\t\t<\/div>\n\t\t\t\t<div class=\"elementor-column elementor-col-25 elementor-top-column elementor-element elementor-element-67fbe6c\" data-id=\"67fbe6c\" data-element_type=\"column\" data-e-type=\"column\">\n\t\t\t<div class=\"elementor-widget-wrap elementor-element-populated\">\n\t\t\t\t\t\t<div class=\"elementor-element elementor-element-4f31264 elementor-widget elementor-widget-image\" data-id=\"4f31264\" data-element_type=\"widget\" data-e-type=\"widget\" data-widget_type=\"image.default\">\n\t\t\t\t<div class=\"elementor-widget-container\">\n\t\t\t\t\t\t\t\t\t\t\t\t\t\t\t\t<a href=\"https:\/\/www.conservatoriodelasrosas.edu.mx\/Web\/cuerdas\/\">\n\t\t\t\t\t\t\t<img loading=\"lazy\" decoding=\"async\" width=\"200\" height=\"200\" src=\"https:\/\/www.conservatoriodelasrosas.edu.mx\/Web\/wp-content\/uploads\/2020\/01\/Cuerdas-1.jpg\" class=\"attachment-large size-large wp-image-2064\" alt=\"\" srcset=\"https:\/\/www.conservatoriodelasrosas.edu.mx\/Web\/wp-content\/uploads\/2020\/01\/Cuerdas-1.jpg 200w, https:\/\/www.conservatoriodelasrosas.edu.mx\/Web\/wp-content\/uploads\/2020\/01\/Cuerdas-1-150x150.jpg 150w\" sizes=\"(max-width: 200px) 100vw, 200px\" \/>\t\t\t\t\t\t\t\t<\/a>\n\t\t\t\t\t\t\t\t\t\t\t\t\t\t\t<\/div>\n\t\t\t\t<\/div>\n\t\t\t\t<div class=\"elementor-element elementor-element-029f6f4 elementor-widget elementor-widget-heading\" data-id=\"029f6f4\" data-element_type=\"widget\" data-e-type=\"widget\" data-widget_type=\"heading.default\">\n\t\t\t\t<div class=\"elementor-widget-container\">\n\t\t\t\t\t<h2 class=\"elementor-heading-title elementor-size-small\"><a href=\"https:\/\/www.conservatoriodelasrosas.edu.mx\/Web\/cuerdas\/\">Cuerdas<\/a><\/h2>\t\t\t\t<\/div>\n\t\t\t\t<\/div>\n\t\t\t\t\t<\/div>\n\t\t<\/div>\n\t\t\t\t\t<\/div>\n\t\t<\/section>\n\t\t\t\t<section class=\"elementor-section elementor-top-section elementor-element elementor-element-f5ba300 elementor-section-stretched elementor-section-boxed elementor-section-height-default elementor-section-height-default\" data-id=\"f5ba300\" data-element_type=\"section\" data-e-type=\"section\" data-settings=\"{&quot;stretch_section&quot;:&quot;section-stretched&quot;}\">\n\t\t\t\t\t\t<div class=\"elementor-container elementor-column-gap-default\">\n\t\t\t\t\t<div class=\"elementor-column elementor-col-25 elementor-top-column elementor-element elementor-element-a122346\" data-id=\"a122346\" data-element_type=\"column\" data-e-type=\"column\">\n\t\t\t<div class=\"elementor-widget-wrap elementor-element-populated\">\n\t\t\t\t\t\t<div class=\"elementor-element elementor-element-b32f419 elementor-widget elementor-widget-image\" data-id=\"b32f419\" data-element_type=\"widget\" data-e-type=\"widget\" data-widget_type=\"image.default\">\n\t\t\t\t<div class=\"elementor-widget-container\">\n\t\t\t\t\t\t\t\t\t\t\t\t\t\t\t\t<a href=\"https:\/\/www.conservatoriodelasrosas.edu.mx\/Web\/direccion-coral\/\">\n\t\t\t\t\t\t\t<img loading=\"lazy\" decoding=\"async\" width=\"200\" height=\"200\" src=\"https:\/\/www.conservatoriodelasrosas.edu.mx\/Web\/wp-content\/uploads\/2020\/05\/foto-Direcci\u00f3n-Coral.jpg\" class=\"attachment-large size-large wp-image-2974\" alt=\"\" srcset=\"https:\/\/www.conservatoriodelasrosas.edu.mx\/Web\/wp-content\/uploads\/2020\/05\/foto-Direcci\u00f3n-Coral.jpg 200w, https:\/\/www.conservatoriodelasrosas.edu.mx\/Web\/wp-content\/uploads\/2020\/05\/foto-Direcci\u00f3n-Coral-150x150.jpg 150w\" sizes=\"(max-width: 200px) 100vw, 200px\" \/>\t\t\t\t\t\t\t\t<\/a>\n\t\t\t\t\t\t\t\t\t\t\t\t\t\t\t<\/div>\n\t\t\t\t<\/div>\n\t\t\t\t<div class=\"elementor-element elementor-element-49a61b2 elementor-widget elementor-widget-heading\" data-id=\"49a61b2\" data-element_type=\"widget\" data-e-type=\"widget\" data-widget_type=\"heading.default\">\n\t\t\t\t<div class=\"elementor-widget-container\">\n\t\t\t\t\t<h2 class=\"elementor-heading-title elementor-size-small\"><a href=\"https:\/\/www.conservatoriodelasrosas.edu.mx\/Web\/direccion-coral\/\">Direcci\u00f3n Coral<\/a><\/h2>\t\t\t\t<\/div>\n\t\t\t\t<\/div>\n\t\t\t\t\t<\/div>\n\t\t<\/div>\n\t\t\t\t<div class=\"elementor-column elementor-col-25 elementor-top-column elementor-element elementor-element-57c79b6\" data-id=\"57c79b6\" data-element_type=\"column\" data-e-type=\"column\">\n\t\t\t<div class=\"elementor-widget-wrap elementor-element-populated\">\n\t\t\t\t\t\t<div class=\"elementor-element elementor-element-a71991b elementor-widget elementor-widget-image\" data-id=\"a71991b\" data-element_type=\"widget\" data-e-type=\"widget\" data-widget_type=\"image.default\">\n\t\t\t\t<div class=\"elementor-widget-container\">\n\t\t\t\t\t\t\t\t\t\t\t\t\t\t\t\t<a href=\"https:\/\/www.conservatoriodelasrosas.edu.mx\/Web\/canto\/\">\n\t\t\t\t\t\t\t<img loading=\"lazy\" decoding=\"async\" width=\"200\" height=\"200\" src=\"https:\/\/www.conservatoriodelasrosas.edu.mx\/Web\/wp-content\/uploads\/2020\/05\/foto-Canto-1.jpg\" class=\"attachment-large size-large wp-image-2976\" alt=\"\" srcset=\"https:\/\/www.conservatoriodelasrosas.edu.mx\/Web\/wp-content\/uploads\/2020\/05\/foto-Canto-1.jpg 200w, https:\/\/www.conservatoriodelasrosas.edu.mx\/Web\/wp-content\/uploads\/2020\/05\/foto-Canto-1-150x150.jpg 150w\" sizes=\"(max-width: 200px) 100vw, 200px\" \/>\t\t\t\t\t\t\t\t<\/a>\n\t\t\t\t\t\t\t\t\t\t\t\t\t\t\t<\/div>\n\t\t\t\t<\/div>\n\t\t\t\t<div class=\"elementor-element elementor-element-8a36f7f elementor-widget elementor-widget-heading\" data-id=\"8a36f7f\" data-element_type=\"widget\" data-e-type=\"widget\" data-widget_type=\"heading.default\">\n\t\t\t\t<div class=\"elementor-widget-container\">\n\t\t\t\t\t<h2 class=\"elementor-heading-title elementor-size-small\"><a href=\"https:\/\/www.conservatoriodelasrosas.edu.mx\/Web\/canto\/\">Canto<\/a><\/h2>\t\t\t\t<\/div>\n\t\t\t\t<\/div>\n\t\t\t\t\t<\/div>\n\t\t<\/div>\n\t\t\t\t<div class=\"elementor-column elementor-col-25 elementor-top-column elementor-element elementor-element-0236849\" data-id=\"0236849\" data-element_type=\"column\" data-e-type=\"column\">\n\t\t\t<div class=\"elementor-widget-wrap elementor-element-populated\">\n\t\t\t\t\t\t<div class=\"elementor-element elementor-element-8099d9f elementor-widget elementor-widget-image\" data-id=\"8099d9f\" data-element_type=\"widget\" data-e-type=\"widget\" data-widget_type=\"image.default\">\n\t\t\t\t<div class=\"elementor-widget-container\">\n\t\t\t\t\t\t\t\t\t\t\t\t\t\t\t\t<a href=\"https:\/\/www.conservatoriodelasrosas.edu.mx\/Web\/musicologia\/\">\n\t\t\t\t\t\t\t<img loading=\"lazy\" decoding=\"async\" width=\"200\" height=\"200\" src=\"https:\/\/www.conservatoriodelasrosas.edu.mx\/Web\/wp-content\/uploads\/2020\/01\/Musicolog\u00eda-1.jpg\" class=\"attachment-large size-large wp-image-2191\" alt=\"\" srcset=\"https:\/\/www.conservatoriodelasrosas.edu.mx\/Web\/wp-content\/uploads\/2020\/01\/Musicolog\u00eda-1.jpg 200w, https:\/\/www.conservatoriodelasrosas.edu.mx\/Web\/wp-content\/uploads\/2020\/01\/Musicolog\u00eda-1-150x150.jpg 150w\" sizes=\"(max-width: 200px) 100vw, 200px\" \/>\t\t\t\t\t\t\t\t<\/a>\n\t\t\t\t\t\t\t\t\t\t\t\t\t\t\t<\/div>\n\t\t\t\t<\/div>\n\t\t\t\t<div class=\"elementor-element elementor-element-32d9fe4 elementor-widget elementor-widget-heading\" data-id=\"32d9fe4\" data-element_type=\"widget\" data-e-type=\"widget\" data-widget_type=\"heading.default\">\n\t\t\t\t<div class=\"elementor-widget-container\">\n\t\t\t\t\t<h2 class=\"elementor-heading-title elementor-size-small\"><a href=\"https:\/\/www.conservatoriodelasrosas.edu.mx\/Web\/musicologia\/\">Musicolog\u00eda<\/a><\/h2>\t\t\t\t<\/div>\n\t\t\t\t<\/div>\n\t\t\t\t\t<\/div>\n\t\t<\/div>\n\t\t\t\t<div class=\"elementor-column elementor-col-25 elementor-top-column elementor-element elementor-element-ca5fbd1\" data-id=\"ca5fbd1\" data-element_type=\"column\" data-e-type=\"column\">\n\t\t\t<div class=\"elementor-widget-wrap elementor-element-populated\">\n\t\t\t\t\t\t<div class=\"elementor-element elementor-element-b6b2236 elementor-widget elementor-widget-image\" data-id=\"b6b2236\" data-element_type=\"widget\" data-e-type=\"widget\" data-widget_type=\"image.default\">\n\t\t\t\t<div class=\"elementor-widget-container\">\n\t\t\t\t\t\t\t\t\t\t\t\t\t\t\t\t<a href=\"https:\/\/www.conservatoriodelasrosas.edu.mx\/Web\/percusiones\/\">\n\t\t\t\t\t\t\t<img loading=\"lazy\" decoding=\"async\" width=\"200\" height=\"200\" src=\"https:\/\/www.conservatoriodelasrosas.edu.mx\/Web\/wp-content\/uploads\/2020\/01\/Percusiones-1.jpg\" class=\"attachment-large size-large wp-image-2204\" alt=\"\" srcset=\"https:\/\/www.conservatoriodelasrosas.edu.mx\/Web\/wp-content\/uploads\/2020\/01\/Percusiones-1.jpg 200w, https:\/\/www.conservatoriodelasrosas.edu.mx\/Web\/wp-content\/uploads\/2020\/01\/Percusiones-1-150x150.jpg 150w\" sizes=\"(max-width: 200px) 100vw, 200px\" \/>\t\t\t\t\t\t\t\t<\/a>\n\t\t\t\t\t\t\t\t\t\t\t\t\t\t\t<\/div>\n\t\t\t\t<\/div>\n\t\t\t\t<div class=\"elementor-element elementor-element-adcd968 elementor-widget elementor-widget-heading\" data-id=\"adcd968\" data-element_type=\"widget\" data-e-type=\"widget\" data-widget_type=\"heading.default\">\n\t\t\t\t<div class=\"elementor-widget-container\">\n\t\t\t\t\t<h2 class=\"elementor-heading-title elementor-size-small\"><a href=\"https:\/\/www.conservatoriodelasrosas.edu.mx\/Web\/percusiones\/\">Percusiones<\/a><\/h2>\t\t\t\t<\/div>\n\t\t\t\t<\/div>\n\t\t\t\t\t<\/div>\n\t\t<\/div>\n\t\t\t\t\t<\/div>\n\t\t<\/section>\n\t\t\t\t<section class=\"elementor-section elementor-top-section elementor-element elementor-element-fb3c2a2 elementor-section-stretched elementor-section-boxed elementor-section-height-default elementor-section-height-default\" data-id=\"fb3c2a2\" data-element_type=\"section\" data-e-type=\"section\" data-settings=\"{&quot;stretch_section&quot;:&quot;section-stretched&quot;}\">\n\t\t\t\t\t\t<div class=\"elementor-container elementor-column-gap-default\">\n\t\t\t\t\t<div class=\"elementor-column elementor-col-25 elementor-top-column elementor-element elementor-element-6ee714c\" data-id=\"6ee714c\" data-element_type=\"column\" data-e-type=\"column\">\n\t\t\t<div class=\"elementor-widget-wrap elementor-element-populated\">\n\t\t\t\t\t\t<div class=\"elementor-element elementor-element-26069a8 elementor-widget elementor-widget-image\" data-id=\"26069a8\" data-element_type=\"widget\" data-e-type=\"widget\" data-widget_type=\"image.default\">\n\t\t\t\t<div class=\"elementor-widget-container\">\n\t\t\t\t\t\t\t\t\t\t\t\t\t\t\t\t<a href=\"https:\/\/www.conservatoriodelasrosas.edu.mx\/Web\/organo\/\">\n\t\t\t\t\t\t\t<img loading=\"lazy\" decoding=\"async\" width=\"200\" height=\"200\" src=\"https:\/\/www.conservatoriodelasrosas.edu.mx\/Web\/wp-content\/uploads\/2020\/01\/\u00d3rgano-1.jpg\" class=\"attachment-large size-large wp-image-2261\" alt=\"\" srcset=\"https:\/\/www.conservatoriodelasrosas.edu.mx\/Web\/wp-content\/uploads\/2020\/01\/\u00d3rgano-1.jpg 200w, https:\/\/www.conservatoriodelasrosas.edu.mx\/Web\/wp-content\/uploads\/2020\/01\/\u00d3rgano-1-150x150.jpg 150w\" sizes=\"(max-width: 200px) 100vw, 200px\" \/>\t\t\t\t\t\t\t\t<\/a>\n\t\t\t\t\t\t\t\t\t\t\t\t\t\t\t<\/div>\n\t\t\t\t<\/div>\n\t\t\t\t<div class=\"elementor-element elementor-element-101636b elementor-widget elementor-widget-heading\" data-id=\"101636b\" data-element_type=\"widget\" data-e-type=\"widget\" data-widget_type=\"heading.default\">\n\t\t\t\t<div class=\"elementor-widget-container\">\n\t\t\t\t\t<h2 class=\"elementor-heading-title elementor-size-small\"><a href=\"https:\/\/www.conservatoriodelasrosas.edu.mx\/Web\/organo\/\">\u00d3rgano<\/a><\/h2>\t\t\t\t<\/div>\n\t\t\t\t<\/div>\n\t\t\t\t\t<\/div>\n\t\t<\/div>\n\t\t\t\t<div class=\"elementor-column elementor-col-25 elementor-top-column elementor-element elementor-element-6e6cc93\" data-id=\"6e6cc93\" data-element_type=\"column\" data-e-type=\"column\">\n\t\t\t<div class=\"elementor-widget-wrap elementor-element-populated\">\n\t\t\t\t\t\t<div class=\"elementor-element elementor-element-fd59ce8 elementor-widget elementor-widget-image\" data-id=\"fd59ce8\" data-element_type=\"widget\" data-e-type=\"widget\" data-widget_type=\"image.default\">\n\t\t\t\t<div class=\"elementor-widget-container\">\n\t\t\t\t\t\t\t\t\t\t\t\t\t\t\t\t<a href=\"https:\/\/www.conservatoriodelasrosas.edu.mx\/Web\/guitarra\/\">\n\t\t\t\t\t\t\t<img loading=\"lazy\" decoding=\"async\" width=\"200\" height=\"200\" src=\"https:\/\/www.conservatoriodelasrosas.edu.mx\/Web\/wp-content\/uploads\/2020\/01\/Guitarra-1.jpg\" class=\"attachment-large size-large wp-image-2225\" alt=\"\" srcset=\"https:\/\/www.conservatoriodelasrosas.edu.mx\/Web\/wp-content\/uploads\/2020\/01\/Guitarra-1.jpg 200w, https:\/\/www.conservatoriodelasrosas.edu.mx\/Web\/wp-content\/uploads\/2020\/01\/Guitarra-1-150x150.jpg 150w\" sizes=\"(max-width: 200px) 100vw, 200px\" \/>\t\t\t\t\t\t\t\t<\/a>\n\t\t\t\t\t\t\t\t\t\t\t\t\t\t\t<\/div>\n\t\t\t\t<\/div>\n\t\t\t\t<div class=\"elementor-element elementor-element-febc213 elementor-widget elementor-widget-heading\" data-id=\"febc213\" data-element_type=\"widget\" data-e-type=\"widget\" data-widget_type=\"heading.default\">\n\t\t\t\t<div class=\"elementor-widget-container\">\n\t\t\t\t\t<h2 class=\"elementor-heading-title elementor-size-small\"><a href=\"https:\/\/www.conservatoriodelasrosas.edu.mx\/Web\/guitarra\/\">Guitarra<\/a><\/h2>\t\t\t\t<\/div>\n\t\t\t\t<\/div>\n\t\t\t\t\t<\/div>\n\t\t<\/div>\n\t\t\t\t<div class=\"elementor-column elementor-col-25 elementor-top-column elementor-element elementor-element-7c13765\" data-id=\"7c13765\" data-element_type=\"column\" data-e-type=\"column\">\n\t\t\t<div class=\"elementor-widget-wrap elementor-element-populated\">\n\t\t\t\t\t\t<div class=\"elementor-element elementor-element-288d94c elementor-widget elementor-widget-image\" data-id=\"288d94c\" data-element_type=\"widget\" data-e-type=\"widget\" data-widget_type=\"image.default\">\n\t\t\t\t<div class=\"elementor-widget-container\">\n\t\t\t\t\t\t\t\t\t\t\t\t\t\t\t\t<a href=\"https:\/\/www.conservatoriodelasrosas.edu.mx\/Web\/materias-teoricas-musicales\/\">\n\t\t\t\t\t\t\t<img loading=\"lazy\" decoding=\"async\" width=\"200\" height=\"200\" src=\"https:\/\/www.conservatoriodelasrosas.edu.mx\/Web\/wp-content\/uploads\/2020\/01\/Materias-Te\u00f3ricas-Musicales.jpg\" class=\"attachment-large size-large wp-image-2265\" alt=\"\" srcset=\"https:\/\/www.conservatoriodelasrosas.edu.mx\/Web\/wp-content\/uploads\/2020\/01\/Materias-Te\u00f3ricas-Musicales.jpg 200w, https:\/\/www.conservatoriodelasrosas.edu.mx\/Web\/wp-content\/uploads\/2020\/01\/Materias-Te\u00f3ricas-Musicales-150x150.jpg 150w\" sizes=\"(max-width: 200px) 100vw, 200px\" \/>\t\t\t\t\t\t\t\t<\/a>\n\t\t\t\t\t\t\t\t\t\t\t\t\t\t\t<\/div>\n\t\t\t\t<\/div>\n\t\t\t\t<div class=\"elementor-element elementor-element-1c3e61a elementor-widget elementor-widget-heading\" data-id=\"1c3e61a\" data-element_type=\"widget\" data-e-type=\"widget\" data-widget_type=\"heading.default\">\n\t\t\t\t<div class=\"elementor-widget-container\">\n\t\t\t\t\t<h2 class=\"elementor-heading-title elementor-size-small\"><a href=\"https:\/\/www.conservatoriodelasrosas.edu.mx\/Web\/materias-teoricas-musicales\/\">Materias Te\u00f3ricas Musicales<\/a><\/h2>\t\t\t\t<\/div>\n\t\t\t\t<\/div>\n\t\t\t\t\t<\/div>\n\t\t<\/div>\n\t\t\t\t<div class=\"elementor-column elementor-col-25 elementor-top-column elementor-element elementor-element-aa2d3a6\" data-id=\"aa2d3a6\" data-element_type=\"column\" data-e-type=\"column\">\n\t\t\t<div class=\"elementor-widget-wrap elementor-element-populated\">\n\t\t\t\t\t\t<div class=\"elementor-element elementor-element-62fa345 elementor-widget elementor-widget-image\" data-id=\"62fa345\" data-element_type=\"widget\" data-e-type=\"widget\" data-widget_type=\"image.default\">\n\t\t\t\t<div class=\"elementor-widget-container\">\n\t\t\t\t\t\t\t\t\t\t\t\t\t\t\t\t<a href=\"https:\/\/www.conservatoriodelasrosas.edu.mx\/Web\/psicologia-de-la-musica\/\">\n\t\t\t\t\t\t\t<img loading=\"lazy\" decoding=\"async\" width=\"200\" height=\"200\" src=\"https:\/\/www.conservatoriodelasrosas.edu.mx\/Web\/wp-content\/uploads\/2020\/01\/Psicolog\u00eda-de-la-m\u00fasica-1.jpeg\" class=\"attachment-large size-large wp-image-2333\" alt=\"\" srcset=\"https:\/\/www.conservatoriodelasrosas.edu.mx\/Web\/wp-content\/uploads\/2020\/01\/Psicolog\u00eda-de-la-m\u00fasica-1.jpeg 200w, https:\/\/www.conservatoriodelasrosas.edu.mx\/Web\/wp-content\/uploads\/2020\/01\/Psicolog\u00eda-de-la-m\u00fasica-1-150x150.jpeg 150w\" sizes=\"(max-width: 200px) 100vw, 200px\" \/>\t\t\t\t\t\t\t\t<\/a>\n\t\t\t\t\t\t\t\t\t\t\t\t\t\t\t<\/div>\n\t\t\t\t<\/div>\n\t\t\t\t<div class=\"elementor-element elementor-element-eeb1cdc elementor-widget elementor-widget-heading\" data-id=\"eeb1cdc\" data-element_type=\"widget\" data-e-type=\"widget\" data-widget_type=\"heading.default\">\n\t\t\t\t<div class=\"elementor-widget-container\">\n\t\t\t\t\t<h2 class=\"elementor-heading-title elementor-size-small\"><a href=\"https:\/\/www.conservatoriodelasrosas.edu.mx\/Web\/psicologia-de-la-musica\/\">Psicolog\u00eda de la m\u00fasica<\/a><\/h2>\t\t\t\t<\/div>\n\t\t\t\t<\/div>\n\t\t\t\t\t<\/div>\n\t\t<\/div>\n\t\t\t\t\t<\/div>\n\t\t<\/section>\n\t\t\t\t<\/div>\n\t\t","protected":false},"excerpt":{"rendered":"<p>Nuestros Catedr\u00e1ticos Alientos y Metales Piano Composici\u00f3n Cuerdas Direcci\u00f3n Coral Canto Musicolog\u00eda Percusiones \u00d3rgano Guitarra Materias Te\u00f3ricas Musicales Psicolog\u00eda de la m\u00fasica<\/p>\n","protected":false},"author":2,"featured_media":3131,"parent":1795,"menu_order":0,"comment_status":"closed","ping_status":"closed","template":"","meta":{"footnotes":""},"class_list":["post-1127","page","type-page","status-publish","has-post-thumbnail","hentry","clearfix"],"_links":{"self":[{"href":"https:\/\/www.conservatoriodelasrosas.edu.mx\/Web\/wp-json\/wp\/v2\/pages\/1127","targetHints":{"allow":["GET"]}}],"collection":[{"href":"https:\/\/www.conservatoriodelasrosas.edu.mx\/Web\/wp-json\/wp\/v2\/pages"}],"about":[{"href":"https:\/\/www.conservatoriodelasrosas.edu.mx\/Web\/wp-json\/wp\/v2\/types\/page"}],"author":[{"embeddable":true,"href":"https:\/\/www.conservatoriodelasrosas.edu.mx\/Web\/wp-json\/wp\/v2\/users\/2"}],"replies":[{"embeddable":true,"href":"https:\/\/www.conservatoriodelasrosas.edu.mx\/Web\/wp-json\/wp\/v2\/comments?post=1127"}],"version-history":[{"count":69,"href":"https:\/\/www.conservatoriodelasrosas.edu.mx\/Web\/wp-json\/wp\/v2\/pages\/1127\/revisions"}],"predecessor-version":[{"id":3132,"href":"https:\/\/www.conservatoriodelasrosas.edu.mx\/Web\/wp-json\/wp\/v2\/pages\/1127\/revisions\/3132"}],"up":[{"embeddable":true,"href":"https:\/\/www.conservatoriodelasrosas.edu.mx\/Web\/wp-json\/wp\/v2\/pages\/1795"}],"wp:featuredmedia":[{"embeddable":true,"href":"https:\/\/www.conservatoriodelasrosas.edu.mx\/Web\/wp-json\/wp\/v2\/media\/3131"}],"wp:attachment":[{"href":"https:\/\/www.conservatoriodelasrosas.edu.mx\/Web\/wp-json\/wp\/v2\/media?parent=1127"}],"curies":[{"name":"wp","href":"https:\/\/api.w.org\/{rel}","templated":true}]}}