{"id":1649,"date":"2019-12-20T10:40:24","date_gmt":"2019-12-20T16:40:24","guid":{"rendered":"https:\/\/www.conservatoriodelasrosas.edu.mx\/Web\/?page_id=1649"},"modified":"2020-01-10T10:04:16","modified_gmt":"2020-01-10T16:04:16","slug":"yadira-lopez-jimenez","status":"publish","type":"page","link":"https:\/\/www.conservatoriodelasrosas.edu.mx\/Web\/yadira-lopez-jimenez\/","title":{"rendered":"Yadira L\u00f3pez Jim\u00e9nez"},"content":{"rendered":"\t\t<div data-elementor-type=\"wp-page\" data-elementor-id=\"1649\" class=\"elementor elementor-1649\">\n\t\t\t\t\t\t<section class=\"elementor-section elementor-top-section elementor-element elementor-element-55f34b07 elementor-section-stretched elementor-section-full_width elementor-section-height-min-height elementor-section-height-default elementor-section-items-middle\" data-id=\"55f34b07\" data-element_type=\"section\" data-e-type=\"section\" data-settings=\"{&quot;stretch_section&quot;:&quot;section-stretched&quot;,&quot;background_background&quot;:&quot;slideshow&quot;,&quot;background_slideshow_gallery&quot;:[{&quot;id&quot;:1947,&quot;url&quot;:&quot;https:\\\/\\\/www.conservatoriodelasrosas.edu.mx\\\/Web\\\/wp-content\\\/uploads\\\/2020\\\/01\\\/Piano-2.jpg&quot;}],&quot;background_slideshow_loop&quot;:&quot;yes&quot;,&quot;background_slideshow_slide_duration&quot;:5000,&quot;background_slideshow_slide_transition&quot;:&quot;fade&quot;,&quot;background_slideshow_transition_duration&quot;:500}\">\n\t\t\t\t\t\t<div class=\"elementor-container elementor-column-gap-default\">\n\t\t\t\t\t<div class=\"elementor-column elementor-col-100 elementor-top-column elementor-element elementor-element-28cde03e\" data-id=\"28cde03e\" data-element_type=\"column\" data-e-type=\"column\">\n\t\t\t<div class=\"elementor-widget-wrap elementor-element-populated\">\n\t\t\t\t\t\t<div class=\"elementor-element elementor-element-8d45f24 elementor-widget elementor-widget-heading\" data-id=\"8d45f24\" data-element_type=\"widget\" data-e-type=\"widget\" data-widget_type=\"heading.default\">\n\t\t\t\t<div class=\"elementor-widget-container\">\n\t\t\t\t\t<h1 class=\"elementor-heading-title elementor-size-xl\">Yadira L\u00f3pez Jim\u00e9nez<\/h1>\t\t\t\t<\/div>\n\t\t\t\t<\/div>\n\t\t\t\t\t<\/div>\n\t\t<\/div>\n\t\t\t\t\t<\/div>\n\t\t<\/section>\n\t\t\t\t<section class=\"elementor-section elementor-top-section elementor-element elementor-element-540cb3c0 elementor-section-stretched elementor-section-full_width elementor-section-height-default elementor-section-height-default\" data-id=\"540cb3c0\" data-element_type=\"section\" data-e-type=\"section\" data-settings=\"{&quot;stretch_section&quot;:&quot;section-stretched&quot;}\">\n\t\t\t\t\t\t<div class=\"elementor-container elementor-column-gap-default\">\n\t\t\t\t\t<div class=\"elementor-column elementor-col-100 elementor-top-column elementor-element elementor-element-4ea1af11\" data-id=\"4ea1af11\" data-element_type=\"column\" data-e-type=\"column\">\n\t\t\t<div class=\"elementor-widget-wrap elementor-element-populated\">\n\t\t\t\t\t\t<section class=\"elementor-section elementor-inner-section elementor-element elementor-element-52d2cf13 elementor-section-boxed elementor-section-height-default elementor-section-height-default\" data-id=\"52d2cf13\" data-element_type=\"section\" data-e-type=\"section\">\n\t\t\t\t\t\t<div class=\"elementor-container elementor-column-gap-default\">\n\t\t\t\t\t<div class=\"elementor-column elementor-col-50 elementor-inner-column elementor-element elementor-element-6f8e939f\" data-id=\"6f8e939f\" data-element_type=\"column\" data-e-type=\"column\">\n\t\t\t<div class=\"elementor-widget-wrap elementor-element-populated\">\n\t\t\t\t\t\t<div class=\"elementor-element elementor-element-1c88751d elementor-widget elementor-widget-text-editor\" data-id=\"1c88751d\" data-element_type=\"widget\" data-e-type=\"widget\" data-widget_type=\"text-editor.default\">\n\t\t\t\t<div class=\"elementor-widget-container\">\n\t\t\t\t\t\t\t\t\t<div class=\"wpb_text_column wpb_content_element \"><div class=\"wpb_wrapper\"><p>Naci\u00f3 en Zamora Michoac\u00e1n. Inici\u00f3 sus estudios musicales con el maestro Gerardo C\u00e1rdenas en el CEDART Miguel Bernal Jim\u00e9nez. Posteriormente ingres\u00f3 al conservatorio donde\u00a0estudi\u00f3 el bachillerato y ahora Licenciatura. En el conservatorio fueron sus maestros Eduardo Montes y Arroyo, y Miriam P\u00e9rez Fleitas.<\/p><p>Todav\u00eda siendo estudiante el conservatorio inici\u00f3 con su labor docente que hasta la fecha realiza.<\/p><p>Se ha presentado en diversos escenarios del estado como solista o acompa\u00f1ando a cantantes como la soprano Teresita de Alcazar y Dante Alcal\u00e1 . Tambi\u00e9n con piano a cuatro manos con pianistas como Mario Quiroz Alc\u00e1ntara (Danzas Eslavas), Gerardo S\u00e1nchez (sonatas de Mozart, Petite suite de Debussy y el Carnaval de los animales de Camile Sain Saens).<\/p><p>Este proyecto, el Carnaval de los Animales, fue realizado con Gerardo S\u00e1nchez, tocando junto a ella en el piano, y el grupo de teatro Trotamundos acompa\u00f1ando la suite. Cont\u00f3 con el apoyo de Alas y Ra\u00edces, lo que permiti\u00f3 llevar m\u00fasica y artes esc\u00e9nicas a muchas comunidades del estado de Michoac\u00e1n. Una temporada se uni\u00f3 al proyecto el pianista Arturo Aceves Gast\u00e9lum.<\/p><p>Como parte de su fortalecimiento musical y docente, Yadira L\u00f3pez obtuvo en 2014 la certificaci\u00f3n en el sistema Dalcroze, m\u00e9todo de ense\u00f1anza musical a trav\u00e9s del movimiento, convirti\u00e9ndose as\u00ed en la \u00fanica profesora de Conservatorio que imparte la materia de r\u00edtmica musical.<\/p><p>Actualmente es Mtra. de piano desde los niveles b\u00e1sicos del Conservatorio (primaria y secundaria) donde inicia a los ni\u00f1os en el mundo de la m\u00fasica y en particular de esta percusi\u00f3n. Tambi\u00e9n imparte clases en el bachillerato y la licenciatura de esta misma instituci\u00f3n. Gracias a esto, en repetidas ocasiones ha tenido a su cargo, de manera ininterrumpida, a estudiantes a lo largo de todo su camino por el Conservatorio: recibiendo ni\u00f1os y egresando licenciados que m\u00e1s tarde obtienen posgrados en otras instituciones. Adem\u00e1s, es profesora de la E. P. B. A.<\/p><\/div><\/div>\t\t\t\t\t\t\t\t<\/div>\n\t\t\t\t<\/div>\n\t\t\t\t\t<\/div>\n\t\t<\/div>\n\t\t\t\t<div class=\"elementor-column elementor-col-50 elementor-inner-column elementor-element elementor-element-4f1c9f80\" data-id=\"4f1c9f80\" data-element_type=\"column\" data-e-type=\"column\">\n\t\t\t<div class=\"elementor-widget-wrap elementor-element-populated\">\n\t\t\t\t\t\t<div class=\"elementor-element elementor-element-581b65d0 elementor-widget elementor-widget-image\" data-id=\"581b65d0\" data-element_type=\"widget\" data-e-type=\"widget\" data-widget_type=\"image.default\">\n\t\t\t\t<div class=\"elementor-widget-container\">\n\t\t\t\t\t\t\t\t\t\t\t\t\t\t\t<img fetchpriority=\"high\" decoding=\"async\" width=\"790\" height=\"675\" src=\"https:\/\/www.conservatoriodelasrosas.edu.mx\/Web\/wp-content\/uploads\/2019\/12\/piano-2-1.jpg\" class=\"attachment-large size-large wp-image-1472\" alt=\"\" srcset=\"https:\/\/www.conservatoriodelasrosas.edu.mx\/Web\/wp-content\/uploads\/2019\/12\/piano-2-1.jpg 936w, https:\/\/www.conservatoriodelasrosas.edu.mx\/Web\/wp-content\/uploads\/2019\/12\/piano-2-1-300x256.jpg 300w, https:\/\/www.conservatoriodelasrosas.edu.mx\/Web\/wp-content\/uploads\/2019\/12\/piano-2-1-768x656.jpg 768w\" sizes=\"(max-width: 790px) 100vw, 790px\" \/>\t\t\t\t\t\t\t\t\t\t\t\t\t\t\t<\/div>\n\t\t\t\t<\/div>\n\t\t\t\t\t<\/div>\n\t\t<\/div>\n\t\t\t\t\t<\/div>\n\t\t<\/section>\n\t\t\t\t\t<\/div>\n\t\t<\/div>\n\t\t\t\t\t<\/div>\n\t\t<\/section>\n\t\t\t\t<\/div>\n\t\t","protected":false},"excerpt":{"rendered":"<p>Yadira L\u00f3pez Jim\u00e9nez Naci\u00f3 en Zamora Michoac\u00e1n. Inici\u00f3 sus estudios musicales con el maestro Gerardo C\u00e1rdenas en el CEDART Miguel Bernal Jim\u00e9nez. Posteriormente ingres\u00f3 al conservatorio donde\u00a0estudi\u00f3 el bachillerato y ahora Licenciatura. En el conservatorio fueron sus maestros Eduardo Montes y Arroyo, y Miriam P\u00e9rez Fleitas. Todav\u00eda siendo estudiante el conservatorio inici\u00f3 con su labor docente que hasta la fecha realiza. Se ha presentado en&hellip; <\/p>\n","protected":false},"author":2,"featured_media":0,"parent":0,"menu_order":0,"comment_status":"closed","ping_status":"closed","template":"","meta":{"footnotes":""},"class_list":["post-1649","page","type-page","status-publish","hentry","clearfix"],"_links":{"self":[{"href":"https:\/\/www.conservatoriodelasrosas.edu.mx\/Web\/wp-json\/wp\/v2\/pages\/1649","targetHints":{"allow":["GET"]}}],"collection":[{"href":"https:\/\/www.conservatoriodelasrosas.edu.mx\/Web\/wp-json\/wp\/v2\/pages"}],"about":[{"href":"https:\/\/www.conservatoriodelasrosas.edu.mx\/Web\/wp-json\/wp\/v2\/types\/page"}],"author":[{"embeddable":true,"href":"https:\/\/www.conservatoriodelasrosas.edu.mx\/Web\/wp-json\/wp\/v2\/users\/2"}],"replies":[{"embeddable":true,"href":"https:\/\/www.conservatoriodelasrosas.edu.mx\/Web\/wp-json\/wp\/v2\/comments?post=1649"}],"version-history":[{"count":4,"href":"https:\/\/www.conservatoriodelasrosas.edu.mx\/Web\/wp-json\/wp\/v2\/pages\/1649\/revisions"}],"predecessor-version":[{"id":1954,"href":"https:\/\/www.conservatoriodelasrosas.edu.mx\/Web\/wp-json\/wp\/v2\/pages\/1649\/revisions\/1954"}],"wp:attachment":[{"href":"https:\/\/www.conservatoriodelasrosas.edu.mx\/Web\/wp-json\/wp\/v2\/media?parent=1649"}],"curies":[{"name":"wp","href":"https:\/\/api.w.org\/{rel}","templated":true}]}}