{"id":1704,"date":"2020-01-08T09:19:27","date_gmt":"2020-01-08T15:19:27","guid":{"rendered":"https:\/\/www.conservatoriodelasrosas.edu.mx\/Web\/?page_id=1704"},"modified":"2020-05-23T19:16:40","modified_gmt":"2020-05-24T00:16:40","slug":"francisca-ivon-pino-leal","status":"publish","type":"page","link":"https:\/\/www.conservatoriodelasrosas.edu.mx\/Web\/francisca-ivon-pino-leal\/","title":{"rendered":"Francisca Ivon Pino Leal"},"content":{"rendered":"\t\t<div data-elementor-type=\"wp-page\" data-elementor-id=\"1704\" class=\"elementor elementor-1704\">\n\t\t\t\t\t\t<section class=\"elementor-section elementor-top-section elementor-element elementor-element-9be6a77 elementor-section-full_width elementor-section-height-min-height elementor-section-height-default elementor-section-items-middle\" data-id=\"9be6a77\" data-element_type=\"section\" data-e-type=\"section\" data-settings=\"{&quot;background_background&quot;:&quot;slideshow&quot;,&quot;background_slideshow_gallery&quot;:[{&quot;id&quot;:2136,&quot;url&quot;:&quot;https:\\\/\\\/www.conservatoriodelasrosas.edu.mx\\\/Web\\\/wp-content\\\/uploads\\\/2020\\\/01\\\/Canto.jpg&quot;}],&quot;background_slideshow_loop&quot;:&quot;yes&quot;,&quot;background_slideshow_slide_duration&quot;:5000,&quot;background_slideshow_slide_transition&quot;:&quot;fade&quot;,&quot;background_slideshow_transition_duration&quot;:500}\">\n\t\t\t\t\t\t<div class=\"elementor-container elementor-column-gap-default\">\n\t\t\t\t\t<div class=\"elementor-column elementor-col-100 elementor-top-column elementor-element elementor-element-ba11cb9\" data-id=\"ba11cb9\" data-element_type=\"column\" data-e-type=\"column\">\n\t\t\t<div class=\"elementor-widget-wrap elementor-element-populated\">\n\t\t\t\t\t\t<div class=\"elementor-element elementor-element-93a0966 elementor-widget elementor-widget-heading\" data-id=\"93a0966\" data-element_type=\"widget\" data-e-type=\"widget\" data-widget_type=\"heading.default\">\n\t\t\t\t<div class=\"elementor-widget-container\">\n\t\t\t\t\t<h1 class=\"elementor-heading-title elementor-size-xl\">Ivon Pino Leal<\/h1>\t\t\t\t<\/div>\n\t\t\t\t<\/div>\n\t\t\t\t\t<\/div>\n\t\t<\/div>\n\t\t\t\t\t<\/div>\n\t\t<\/section>\n\t\t\t\t<section class=\"elementor-section elementor-top-section elementor-element elementor-element-f832680 elementor-section-boxed elementor-section-height-default elementor-section-height-default\" data-id=\"f832680\" data-element_type=\"section\" data-e-type=\"section\">\n\t\t\t\t\t\t<div class=\"elementor-container elementor-column-gap-default\">\n\t\t\t\t\t<div class=\"elementor-column elementor-col-100 elementor-top-column elementor-element elementor-element-a8485ac\" data-id=\"a8485ac\" data-element_type=\"column\" data-e-type=\"column\">\n\t\t\t<div class=\"elementor-widget-wrap elementor-element-populated\">\n\t\t\t\t\t\t<section class=\"elementor-section elementor-inner-section elementor-element elementor-element-a9c42ff elementor-section-boxed elementor-section-height-default elementor-section-height-default\" data-id=\"a9c42ff\" data-element_type=\"section\" data-e-type=\"section\">\n\t\t\t\t\t\t<div class=\"elementor-container elementor-column-gap-default\">\n\t\t\t\t\t<div class=\"elementor-column elementor-col-50 elementor-inner-column elementor-element elementor-element-19f5e5a\" data-id=\"19f5e5a\" data-element_type=\"column\" data-e-type=\"column\">\n\t\t\t<div class=\"elementor-widget-wrap elementor-element-populated\">\n\t\t\t\t\t\t<div class=\"elementor-element elementor-element-b902298 elementor-widget elementor-widget-text-editor\" data-id=\"b902298\" data-element_type=\"widget\" data-e-type=\"widget\" data-widget_type=\"text-editor.default\">\n\t\t\t\t<div class=\"elementor-widget-container\">\n\t\t\t\t\t\t\t\t\t<p>Estudi\u00f3 canto en el Conservatorio de las Rosas en Morelia, Michoac\u00e1n, bajo la direcci\u00f3n de la Maestra Gladys Pav\u00f3n. Estudi\u00f3 la Maestr\u00eda en Artes en la Universidad de Guanajuato bajo la direcci\u00f3n del Doctor Hugo Barreiro Lastra.<\/p><p>Ha participado en clases maestras con los reconocidos maestros Francisco Araiza, Christa Ludwig, Hartmut H\u00f6ll, Javier Camarena, Stellario Fagone, Cordula Schuster, Angelica Vogel, Abbie Furmansky, Silvano Zabeo, Dunja Vejzovic,\u00a0 Carlos Zapien, Martha Villegas, Eva Maria Santana y Diana Jimenez.<\/p><p>Su repertorio abarca \u00f3pera, oratorio, lied, chanson, zarzuela, m\u00fasica mexicana de concierto y m\u00fasica latinoamericana.<\/p><p>Como solista ha participado en varias producciones de \u00f3pera, oratorios, recitales, conciertos, galas de \u00f3pera y zarzuela, particip\u00f3 como solista en Misa de Coronaci\u00f3n de W. A. Mozart en el cierre de temporada 2019 de la Orquesta Sinf\u00f3nica de la Universidad de Guanajuato y 9no Aniversario del Teatro del Bicentenario bajo la direcci\u00f3n de Roberto Beltr\u00e1n Zavala, particip\u00f3 en el montaje de la \u00f3pera Alicia de Federico Ibarra bajo la direcci\u00f3n de Jean Paul Penin, partici\u00f3 en la \u00f3pera H\u00e4nsel und Gretel de Engelbert Humperdinck, partici\u00f3 en la zarzuela \u201cLa del Soto del Parral\u201d\u00a0de Soutullo y Vert con la Camerata Juvenil de Michoac\u00e1n bajo la direcci\u00f3n de Jorge Rivero, Misa de Coronaci\u00f3n de Mozart con la Orquesta del Estado de Hidalgo, Stabat Mater de Pergolesi bajo la direcci\u00f3n de Andr\u00e9s Ortega en Monterrey, Nuevo Le\u00f3n.\u00a0Como concertista ha participado en diversos conciertos y recitales en reconocidos festivales de la Rep\u00fablica Mexicana, particip\u00f3 en el Festival Internacional de M\u00fasica Miguel Bernal Jim\u00e9nez en Morelia Michoac\u00e1n, en el Festival Internacional Ars Vocalis M\u00e9xico, \u00a0Festival Arte Joven del Conservatorio de las Rosas en Morelia Michoac\u00e1n, Festival Eusebio Francisco Kino en Magdalena de Kino, Sonora, Festival Jos\u00e9 Pierson en Sonora, Mexico, y en la Schola Cantorum Catethalis de la Di\u00f3cesis de Tucson, Arizona.\u00a0\u00a0<\/p><p><span style=\"font-size: 15px;\">Su repertorio coral abarca sinfon\u00edas y coros de \u00f3pera, particip\u00f3 en la producci\u00f3n de Lucia di Lamermoor \u00a0de G. Donizetti del teatro bicentenario de Le\u00f3n Guanajuato bajo la direcci\u00f3n Srba Dinic, en la \u00f3pera Tosca de G. Puccini del Teatro Bicentenario bajo la direcci\u00f3n de Roberto Beltr\u00e1n Zabala,\u00a0 en la Novena Sinfon\u00eda de Beethoven y 3ra sinfon\u00eda de Malher con la orquesta de la Universidad de Guanajuato bajo la direcci\u00f3n de Roberto Beltr\u00e1n Zabala.<\/span><\/p><p>Como docente ha impartido cursos de canto en diferentes festivales y recintos importantes como lo son el \u00a0Festival Internacional Ars Vocalis M\u00e9xico, la 5ta jornada Internacional de Psicolog\u00eda de la M\u00fasica en el Conservatorio de las Rosas,\u00a0 en Coros del Valle de Se\u00f1ora en Le\u00f3n Guanajuato y en el Instituto Tecnol\u00f3gico de Sonora (ITSON) en la ciudad de Obreg\u00f3n.<\/p><p>Actualmente se desempe\u00f1a como catedr\u00e1tica de la licenciatura en canto del Conservatorio de las Rosas y como catedr\u00e1tica de la licenciatura en canto\u00a0 de la Facultad Popular de Bellas Artes de la Universidad Michoacana de San Nicol\u00e1s de Hidalgo.<\/p>\t\t\t\t\t\t\t\t<\/div>\n\t\t\t\t<\/div>\n\t\t\t\t\t<\/div>\n\t\t<\/div>\n\t\t\t\t<div class=\"elementor-column elementor-col-50 elementor-inner-column elementor-element elementor-element-67a144c\" data-id=\"67a144c\" data-element_type=\"column\" data-e-type=\"column\">\n\t\t\t<div class=\"elementor-widget-wrap elementor-element-populated\">\n\t\t\t\t\t\t<div class=\"elementor-element elementor-element-bf1b5a3 elementor-widget elementor-widget-image\" data-id=\"bf1b5a3\" data-element_type=\"widget\" data-e-type=\"widget\" data-widget_type=\"image.default\">\n\t\t\t\t<div class=\"elementor-widget-container\">\n\t\t\t\t\t\t\t\t\t\t\t\t\t\t\t<img fetchpriority=\"high\" decoding=\"async\" width=\"320\" height=\"427\" src=\"https:\/\/www.conservatoriodelasrosas.edu.mx\/Web\/wp-content\/uploads\/2020\/05\/Ivon-Pino-Leal.jpg\" class=\"attachment-large size-large wp-image-2835\" alt=\"\" srcset=\"https:\/\/www.conservatoriodelasrosas.edu.mx\/Web\/wp-content\/uploads\/2020\/05\/Ivon-Pino-Leal.jpg 320w, https:\/\/www.conservatoriodelasrosas.edu.mx\/Web\/wp-content\/uploads\/2020\/05\/Ivon-Pino-Leal-225x300.jpg 225w\" sizes=\"(max-width: 320px) 100vw, 320px\" \/>\t\t\t\t\t\t\t\t\t\t\t\t\t\t\t<\/div>\n\t\t\t\t<\/div>\n\t\t\t\t\t<\/div>\n\t\t<\/div>\n\t\t\t\t\t<\/div>\n\t\t<\/section>\n\t\t\t\t\t<\/div>\n\t\t<\/div>\n\t\t\t\t\t<\/div>\n\t\t<\/section>\n\t\t\t\t<\/div>\n\t\t","protected":false},"excerpt":{"rendered":"<p>Ivon Pino Leal Estudi\u00f3 canto en el Conservatorio de las Rosas en Morelia, Michoac\u00e1n, bajo la direcci\u00f3n de la Maestra Gladys Pav\u00f3n. Estudi\u00f3 la Maestr\u00eda en Artes en la Universidad de Guanajuato bajo la direcci\u00f3n del Doctor Hugo Barreiro Lastra. Ha participado en clases maestras con los reconocidos maestros Francisco Araiza, Christa Ludwig, Hartmut H\u00f6ll, Javier Camarena, Stellario Fagone, Cordula Schuster, Angelica Vogel, Abbie Furmansky,&hellip; <\/p>\n","protected":false},"author":2,"featured_media":0,"parent":0,"menu_order":0,"comment_status":"closed","ping_status":"closed","template":"","meta":{"footnotes":""},"class_list":["post-1704","page","type-page","status-publish","hentry","clearfix"],"_links":{"self":[{"href":"https:\/\/www.conservatoriodelasrosas.edu.mx\/Web\/wp-json\/wp\/v2\/pages\/1704","targetHints":{"allow":["GET"]}}],"collection":[{"href":"https:\/\/www.conservatoriodelasrosas.edu.mx\/Web\/wp-json\/wp\/v2\/pages"}],"about":[{"href":"https:\/\/www.conservatoriodelasrosas.edu.mx\/Web\/wp-json\/wp\/v2\/types\/page"}],"author":[{"embeddable":true,"href":"https:\/\/www.conservatoriodelasrosas.edu.mx\/Web\/wp-json\/wp\/v2\/users\/2"}],"replies":[{"embeddable":true,"href":"https:\/\/www.conservatoriodelasrosas.edu.mx\/Web\/wp-json\/wp\/v2\/comments?post=1704"}],"version-history":[{"count":3,"href":"https:\/\/www.conservatoriodelasrosas.edu.mx\/Web\/wp-json\/wp\/v2\/pages\/1704\/revisions"}],"predecessor-version":[{"id":2837,"href":"https:\/\/www.conservatoriodelasrosas.edu.mx\/Web\/wp-json\/wp\/v2\/pages\/1704\/revisions\/2837"}],"wp:attachment":[{"href":"https:\/\/www.conservatoriodelasrosas.edu.mx\/Web\/wp-json\/wp\/v2\/media?parent=1704"}],"curies":[{"name":"wp","href":"https:\/\/api.w.org\/{rel}","templated":true}]}}