{"id":1728,"date":"2020-01-08T10:10:24","date_gmt":"2020-01-08T16:10:24","guid":{"rendered":"https:\/\/www.conservatoriodelasrosas.edu.mx\/Web\/?page_id=1728"},"modified":"2020-01-17T10:44:04","modified_gmt":"2020-01-17T16:44:04","slug":"juan-antonio-balcazar-quinones","status":"publish","type":"page","link":"https:\/\/www.conservatoriodelasrosas.edu.mx\/Web\/juan-antonio-balcazar-quinones\/","title":{"rendered":"Juan Antonio Balc\u00e1zar Qui\u00f1ones"},"content":{"rendered":"\t\t<div data-elementor-type=\"wp-page\" data-elementor-id=\"1728\" class=\"elementor elementor-1728\">\n\t\t\t\t\t\t<section class=\"elementor-section elementor-top-section elementor-element elementor-element-23692714 elementor-section-stretched elementor-section-full_width elementor-section-height-min-height elementor-section-height-default elementor-section-items-middle\" data-id=\"23692714\" data-element_type=\"section\" data-e-type=\"section\" data-settings=\"{&quot;stretch_section&quot;:&quot;section-stretched&quot;,&quot;background_background&quot;:&quot;slideshow&quot;,&quot;background_slideshow_gallery&quot;:[{&quot;id&quot;:2062,&quot;url&quot;:&quot;https:\\\/\\\/www.conservatoriodelasrosas.edu.mx\\\/Web\\\/wp-content\\\/uploads\\\/2020\\\/01\\\/Cuerdas.jpg&quot;}],&quot;background_slideshow_loop&quot;:&quot;yes&quot;,&quot;background_slideshow_slide_duration&quot;:5000,&quot;background_slideshow_slide_transition&quot;:&quot;fade&quot;,&quot;background_slideshow_transition_duration&quot;:500}\">\n\t\t\t\t\t\t<div class=\"elementor-container elementor-column-gap-default\">\n\t\t\t\t\t<div class=\"elementor-column elementor-col-100 elementor-top-column elementor-element elementor-element-60ca10a3\" data-id=\"60ca10a3\" data-element_type=\"column\" data-e-type=\"column\">\n\t\t\t<div class=\"elementor-widget-wrap elementor-element-populated\">\n\t\t\t\t\t\t<div class=\"elementor-element elementor-element-b7668ed elementor-widget elementor-widget-heading\" data-id=\"b7668ed\" data-element_type=\"widget\" data-e-type=\"widget\" data-widget_type=\"heading.default\">\n\t\t\t\t<div class=\"elementor-widget-container\">\n\t\t\t\t\t<h1 class=\"elementor-heading-title elementor-size-xl\">Juan Antonio Balc\u00e1zar Qui\u00f1ones<\/h1>\t\t\t\t<\/div>\n\t\t\t\t<\/div>\n\t\t\t\t\t<\/div>\n\t\t<\/div>\n\t\t\t\t\t<\/div>\n\t\t<\/section>\n\t\t\t\t<section class=\"elementor-section elementor-top-section elementor-element elementor-element-372d9ae4 elementor-section-stretched elementor-section-full_width elementor-section-height-default elementor-section-height-default\" data-id=\"372d9ae4\" data-element_type=\"section\" data-e-type=\"section\" data-settings=\"{&quot;stretch_section&quot;:&quot;section-stretched&quot;}\">\n\t\t\t\t\t\t<div class=\"elementor-container elementor-column-gap-default\">\n\t\t\t\t\t<div class=\"elementor-column elementor-col-100 elementor-top-column elementor-element elementor-element-70fe4654\" data-id=\"70fe4654\" data-element_type=\"column\" data-e-type=\"column\">\n\t\t\t<div class=\"elementor-widget-wrap elementor-element-populated\">\n\t\t\t\t\t\t<section class=\"elementor-section elementor-inner-section elementor-element elementor-element-524e8ec4 elementor-section-boxed elementor-section-height-default elementor-section-height-default\" data-id=\"524e8ec4\" data-element_type=\"section\" data-e-type=\"section\">\n\t\t\t\t\t\t<div class=\"elementor-container elementor-column-gap-default\">\n\t\t\t\t\t<div class=\"elementor-column elementor-col-50 elementor-inner-column elementor-element elementor-element-6e789ddb\" data-id=\"6e789ddb\" data-element_type=\"column\" data-e-type=\"column\">\n\t\t\t<div class=\"elementor-widget-wrap elementor-element-populated\">\n\t\t\t\t\t\t<div class=\"elementor-element elementor-element-4fda0f97 elementor-widget elementor-widget-text-editor\" data-id=\"4fda0f97\" data-element_type=\"widget\" data-e-type=\"widget\" data-widget_type=\"text-editor.default\">\n\t\t\t\t<div class=\"elementor-widget-container\">\n\t\t\t\t\t\t\t\t\t<div class=\"wpb_text_column wpb_content_element \"><div class=\"wpb_wrapper\"><p>Originario de Toluca, Edo. de Mex. Nace el 20 de febrero de 1990. En 2008 ingres\u00f3 al Conservatorio de las Rosas bajo la tutela del maestro Ra\u00fal P\u00e9rez Mel\u00e9ndez. En 2015 concluy\u00f3 la Licenciatura en el Institut Sup\u00e9rieur de Musique et de P\u00e9dagogie de Namur, B\u00e9lgica.<\/p><p>Posteriormente obtuvo la Maestr\u00eda especializada en Contrabajo Cl\u00e1sico con Alain Denis.<\/p><p>\u00a0<\/p><p>Ha asistido a Clases Magistrales de contrabajo impartidas por Szymon Marciniak, Diego Zacharias y Andr\u00e9 Klenes. Tambi\u00e9n asisti\u00f3 a las Clases Magistrales de m\u00fasica de c\u00e1mara con el violinista Gilles Millet, la harpista Sophie Hallynck y el violinista Hanxiang Gong.<\/p><p>\u00a0<\/p><p>Ha sido Contrabajista de la OSIDEM (2009-11); asistente de contrabajo en la Orchestre Royal de Chambre de la Wallonie (2012-13); de la Frascati Chamber Orchestra (2014-15); contrabajista principal en la Orchestre Symphonique de l\u2019IMEP (2011-15); y de la Brusseles Philarmonic Orchestra (2015), igualmente fue contrabajsita principal del EnCoMo 2017 (Ensamble Contemporaneo de Morelia) Actualmente es contrabajista de fila en la OSIDEM y en la OCUM.<\/p><p>\u00a0<\/p><p>En 2014 obtuvo la beca Bourse Warnaers del Misiterio de la Federaci\u00f3n Wallonie-Bruxelles. Al a\u00f1o siguiente obtuvo el Primer Premio de Interpretaci\u00f3n, en el Concurso Internacional de Contrabajo Galicia Graves (2015), en La Coru\u00f1a, Espa\u00f1a.<\/p><p>En 2013 particip\u00f3 en la grabaci\u00f3n de la m\u00fasica de Gabriel Yared; score del film Une Promesse dirigida por Patrice Leconte. Tambi\u00e9n ha colaborado con otros artistas de talla internacional como Augustin Dumay, Franck Braley, Pierre Bartholom\u00e9e , y Michael Hofstetter, entre otros.<\/p><p>Del 2015 al 2017 fue Director y coordinador de la OSINPATZ (Orquesta Sinf\u00f3nica Infantil de P\u00e1tzcuaro).<\/p><p>\u00a0<\/p><p>Actualmente es profesor de contrabajo y de m\u00fasica de c\u00e1mara en el Conservatorio de las Rosas, profesor de contrabajo en la Facultad Popular de Bellas Artes de la Universidad Michoacana de San Nicol\u00e1s de Hidalgo y director de la Orquesta de cuerdas de la misma, en Morelia Michoac\u00e1n. Y es miembro activo de la OSIDEM y la OCUM, tambi\u00e9n colabora con la OSEM(Orquesta Sinf\u00f3nica del Estado de M\u00e9xico.<\/p><\/div><\/div>\t\t\t\t\t\t\t\t<\/div>\n\t\t\t\t<\/div>\n\t\t\t\t\t<\/div>\n\t\t<\/div>\n\t\t\t\t<div class=\"elementor-column elementor-col-50 elementor-inner-column elementor-element elementor-element-3954e92c\" data-id=\"3954e92c\" data-element_type=\"column\" data-e-type=\"column\">\n\t\t\t<div class=\"elementor-widget-wrap elementor-element-populated\">\n\t\t\t\t\t\t<div class=\"elementor-element elementor-element-469228c2 elementor-widget elementor-widget-image\" data-id=\"469228c2\" data-element_type=\"widget\" data-e-type=\"widget\" data-widget_type=\"image.default\">\n\t\t\t\t<div class=\"elementor-widget-container\">\n\t\t\t\t\t\t\t\t\t\t\t\t\t\t\t\t<a href=\"https:\/\/www.conservatoriodelasrosas.edu.mx\/Web\/wp-content\/uploads\/2020\/01\/Juan-Antonio-Balc\u00e1zar-Qui\u00f1ones.jpg\" data-elementor-open-lightbox=\"yes\" data-elementor-lightbox-title=\"Juan Antonio Balc\u00e1zar Qui\u00f1ones\" data-e-action-hash=\"#elementor-action%3Aaction%3Dlightbox%26settings%3DeyJpZCI6MjAyNSwidXJsIjoiaHR0cHM6XC9cL3d3dy5jb25zZXJ2YXRvcmlvZGVsYXNyb3Nhcy5lZHUubXhcL1dlYlwvd3AtY29udGVudFwvdXBsb2Fkc1wvMjAyMFwvMDFcL0p1YW4tQW50b25pby1CYWxjXHUwMGUxemFyLVF1aVx1MDBmMW9uZXMuanBnIn0%3D\">\n\t\t\t\t\t\t\t<img fetchpriority=\"high\" decoding=\"async\" width=\"640\" height=\"960\" src=\"https:\/\/www.conservatoriodelasrosas.edu.mx\/Web\/wp-content\/uploads\/2020\/01\/Juan-Antonio-Balc\u00e1zar-Qui\u00f1ones.jpg\" class=\"attachment-large size-large wp-image-2025\" alt=\"\" srcset=\"https:\/\/www.conservatoriodelasrosas.edu.mx\/Web\/wp-content\/uploads\/2020\/01\/Juan-Antonio-Balc\u00e1zar-Qui\u00f1ones.jpg 640w, https:\/\/www.conservatoriodelasrosas.edu.mx\/Web\/wp-content\/uploads\/2020\/01\/Juan-Antonio-Balc\u00e1zar-Qui\u00f1ones-200x300.jpg 200w\" sizes=\"(max-width: 640px) 100vw, 640px\" \/>\t\t\t\t\t\t\t\t<\/a>\n\t\t\t\t\t\t\t\t\t\t\t\t\t\t\t<\/div>\n\t\t\t\t<\/div>\n\t\t\t\t\t<\/div>\n\t\t<\/div>\n\t\t\t\t\t<\/div>\n\t\t<\/section>\n\t\t\t\t\t<\/div>\n\t\t<\/div>\n\t\t\t\t\t<\/div>\n\t\t<\/section>\n\t\t\t\t<\/div>\n\t\t","protected":false},"excerpt":{"rendered":"<p>Juan Antonio Balc\u00e1zar Qui\u00f1ones Originario de Toluca, Edo. de Mex. Nace el 20 de febrero de 1990. En 2008 ingres\u00f3 al Conservatorio de las Rosas bajo la tutela del maestro Ra\u00fal P\u00e9rez Mel\u00e9ndez. En 2015 concluy\u00f3 la Licenciatura en el Institut Sup\u00e9rieur de Musique et de P\u00e9dagogie de Namur, B\u00e9lgica. Posteriormente obtuvo la Maestr\u00eda especializada en Contrabajo Cl\u00e1sico con Alain Denis. \u00a0 Ha asistido a&hellip; <\/p>\n","protected":false},"author":2,"featured_media":0,"parent":0,"menu_order":0,"comment_status":"closed","ping_status":"closed","template":"","meta":{"footnotes":""},"class_list":["post-1728","page","type-page","status-publish","hentry","clearfix"],"_links":{"self":[{"href":"https:\/\/www.conservatoriodelasrosas.edu.mx\/Web\/wp-json\/wp\/v2\/pages\/1728","targetHints":{"allow":["GET"]}}],"collection":[{"href":"https:\/\/www.conservatoriodelasrosas.edu.mx\/Web\/wp-json\/wp\/v2\/pages"}],"about":[{"href":"https:\/\/www.conservatoriodelasrosas.edu.mx\/Web\/wp-json\/wp\/v2\/types\/page"}],"author":[{"embeddable":true,"href":"https:\/\/www.conservatoriodelasrosas.edu.mx\/Web\/wp-json\/wp\/v2\/users\/2"}],"replies":[{"embeddable":true,"href":"https:\/\/www.conservatoriodelasrosas.edu.mx\/Web\/wp-json\/wp\/v2\/comments?post=1728"}],"version-history":[{"count":6,"href":"https:\/\/www.conservatoriodelasrosas.edu.mx\/Web\/wp-json\/wp\/v2\/pages\/1728\/revisions"}],"predecessor-version":[{"id":2063,"href":"https:\/\/www.conservatoriodelasrosas.edu.mx\/Web\/wp-json\/wp\/v2\/pages\/1728\/revisions\/2063"}],"wp:attachment":[{"href":"https:\/\/www.conservatoriodelasrosas.edu.mx\/Web\/wp-json\/wp\/v2\/media?parent=1728"}],"curies":[{"name":"wp","href":"https:\/\/api.w.org\/{rel}","templated":true}]}}