{"id":1768,"date":"2020-01-08T11:17:19","date_gmt":"2020-01-08T17:17:19","guid":{"rendered":"https:\/\/www.conservatoriodelasrosas.edu.mx\/Web\/?page_id=1768"},"modified":"2020-01-20T11:31:13","modified_gmt":"2020-01-20T17:31:13","slug":"eva-pleskova","status":"publish","type":"page","link":"https:\/\/www.conservatoriodelasrosas.edu.mx\/Web\/eva-pleskova\/","title":{"rendered":"Eva Pleskova"},"content":{"rendered":"\t\t<div data-elementor-type=\"wp-page\" data-elementor-id=\"1768\" class=\"elementor elementor-1768\">\n\t\t\t\t\t\t<section class=\"elementor-section elementor-top-section elementor-element elementor-element-6600f48 elementor-section-stretched elementor-section-full_width elementor-section-height-min-height elementor-section-height-default elementor-section-items-middle\" data-id=\"6600f48\" data-element_type=\"section\" data-e-type=\"section\" data-settings=\"{&quot;stretch_section&quot;:&quot;section-stretched&quot;,&quot;background_background&quot;:&quot;slideshow&quot;,&quot;background_slideshow_gallery&quot;:[{&quot;id&quot;:2220,&quot;url&quot;:&quot;https:\\\/\\\/www.conservatoriodelasrosas.edu.mx\\\/Web\\\/wp-content\\\/uploads\\\/2020\\\/01\\\/Guitarra-scaled.jpg&quot;}],&quot;background_slideshow_loop&quot;:&quot;yes&quot;,&quot;background_slideshow_slide_duration&quot;:5000,&quot;background_slideshow_slide_transition&quot;:&quot;fade&quot;,&quot;background_slideshow_transition_duration&quot;:500}\">\n\t\t\t\t\t\t<div class=\"elementor-container elementor-column-gap-default\">\n\t\t\t\t\t<div class=\"elementor-column elementor-col-100 elementor-top-column elementor-element elementor-element-69cab40\" data-id=\"69cab40\" data-element_type=\"column\" data-e-type=\"column\">\n\t\t\t<div class=\"elementor-widget-wrap elementor-element-populated\">\n\t\t\t\t\t\t<div class=\"elementor-element elementor-element-d00e1d1 elementor-widget elementor-widget-heading\" data-id=\"d00e1d1\" data-element_type=\"widget\" data-e-type=\"widget\" data-widget_type=\"heading.default\">\n\t\t\t\t<div class=\"elementor-widget-container\">\n\t\t\t\t\t<h1 class=\"elementor-heading-title elementor-size-xl\">Eva Pleskova<\/h1>\t\t\t\t<\/div>\n\t\t\t\t<\/div>\n\t\t\t\t\t<\/div>\n\t\t<\/div>\n\t\t\t\t\t<\/div>\n\t\t<\/section>\n\t\t\t\t<section class=\"elementor-section elementor-top-section elementor-element elementor-element-31082a5e elementor-section-stretched elementor-section-full_width elementor-section-height-default elementor-section-height-default\" data-id=\"31082a5e\" data-element_type=\"section\" data-e-type=\"section\" data-settings=\"{&quot;stretch_section&quot;:&quot;section-stretched&quot;}\">\n\t\t\t\t\t\t<div class=\"elementor-container elementor-column-gap-default\">\n\t\t\t\t\t<div class=\"elementor-column elementor-col-100 elementor-top-column elementor-element elementor-element-150d79aa\" data-id=\"150d79aa\" data-element_type=\"column\" data-e-type=\"column\">\n\t\t\t<div class=\"elementor-widget-wrap elementor-element-populated\">\n\t\t\t\t\t\t<section class=\"elementor-section elementor-inner-section elementor-element elementor-element-253ed5ce elementor-section-boxed elementor-section-height-default elementor-section-height-default\" data-id=\"253ed5ce\" data-element_type=\"section\" data-e-type=\"section\">\n\t\t\t\t\t\t<div class=\"elementor-container elementor-column-gap-default\">\n\t\t\t\t\t<div class=\"elementor-column elementor-col-50 elementor-inner-column elementor-element elementor-element-760a8022\" data-id=\"760a8022\" data-element_type=\"column\" data-e-type=\"column\">\n\t\t\t<div class=\"elementor-widget-wrap elementor-element-populated\">\n\t\t\t\t\t\t<div class=\"elementor-element elementor-element-1078d4c1 elementor-widget elementor-widget-text-editor\" data-id=\"1078d4c1\" data-element_type=\"widget\" data-e-type=\"widget\" data-widget_type=\"text-editor.default\">\n\t\t\t\t<div class=\"elementor-widget-container\">\n\t\t\t\t\t\t\t\t\t<p><strong>Eva Ple\u0161kov\u00e1, <\/strong>de la Rep\u00fablica Checa, comenz\u00f3 sus estudios musicales como guitarrista a la edad de 7 a\u00f1os. Posteriormente ingres\u00f3 al Conservatorio de Krom\u011b\u0159\u00ed\u017e, en donde unos a\u00f1os m\u00e1s tarde complet\u00f3 sus estudios de nivel medio superior. Tambi\u00e9n realiz\u00f3 estudios bajo la tutela del profesor \u0160t\u011bp\u00e1n Rak en la Academia de Artes Musicales (AMU) de Praga donde finalmente obtuvo su t\u00edtulo profesional a nivel de maestr\u00eda. Desde 2002 radica en Morelia, Michoac\u00e1n.<\/p><p>Como concertista trabaja de forma continua con la flautista checa Lenka Smolcakova en un ensamble llamado <strong>Bohemia<\/strong> <strong>D\u00fao.<\/strong> Durante su larga historia se han presentado en diferentes foros y salas de concierto de Europa y M\u00e9xico, de las cuales cabe destacar su recital en el Festival de M\u00fasica de Morelia \u201cMiguel Bernal Jim\u00e9nez\u201d, en el Festival \u201cGuitarra Sin Fronteras\u201d de Chihuahua, en el Festival Internacional de Guitarra de Paracho, en el Festival Internacional de Guitarra de Monterrey y en el festival Guitar-Camera Internacional en Celaya, Guanajuato y su presentaci\u00f3n en la Sala Manuel M. Ponce del Palacio de Bellas Artes en la Ciudad de M\u00e9xico en 2017, entre otros.<\/p><p>Eva Ple\u0161kov\u00e1 actualmente forma parte de la planta docente de la c\u00e1tedra de guitarra del Conservatorio de las Rosas, A.C., y es catedr\u00e1tica de la Facultad de Bellas Artes de la Universidad Michoacana.<\/p>\t\t\t\t\t\t\t\t<\/div>\n\t\t\t\t<\/div>\n\t\t\t\t\t<\/div>\n\t\t<\/div>\n\t\t\t\t<div class=\"elementor-column elementor-col-50 elementor-inner-column elementor-element elementor-element-5985f212\" data-id=\"5985f212\" data-element_type=\"column\" data-e-type=\"column\">\n\t\t\t<div class=\"elementor-widget-wrap elementor-element-populated\">\n\t\t\t\t\t\t<div class=\"elementor-element elementor-element-bfeec85 elementor-widget elementor-widget-image\" data-id=\"bfeec85\" data-element_type=\"widget\" data-e-type=\"widget\" data-widget_type=\"image.default\">\n\t\t\t\t<div class=\"elementor-widget-container\">\n\t\t\t\t\t\t\t\t\t\t\t\t\t\t\t\t<a href=\"https:\/\/www.conservatoriodelasrosas.edu.mx\/Web\/wp-content\/uploads\/2020\/01\/Eva-Pleskova-1.jpg\" data-elementor-open-lightbox=\"yes\" data-elementor-lightbox-title=\"Eva Pleskova\" data-e-action-hash=\"#elementor-action%3Aaction%3Dlightbox%26settings%3DeyJpZCI6MjIyOCwidXJsIjoiaHR0cHM6XC9cL3d3dy5jb25zZXJ2YXRvcmlvZGVsYXNyb3Nhcy5lZHUubXhcL1dlYlwvd3AtY29udGVudFwvdXBsb2Fkc1wvMjAyMFwvMDFcL0V2YS1QbGVza292YS0xLmpwZyJ9\">\n\t\t\t\t\t\t\t<img fetchpriority=\"high\" decoding=\"async\" width=\"790\" height=\"527\" src=\"https:\/\/www.conservatoriodelasrosas.edu.mx\/Web\/wp-content\/uploads\/2020\/01\/Eva-Pleskova-1-1024x683.jpg\" class=\"attachment-large size-large wp-image-2228\" alt=\"\" srcset=\"https:\/\/www.conservatoriodelasrosas.edu.mx\/Web\/wp-content\/uploads\/2020\/01\/Eva-Pleskova-1-1024x683.jpg 1024w, https:\/\/www.conservatoriodelasrosas.edu.mx\/Web\/wp-content\/uploads\/2020\/01\/Eva-Pleskova-1-300x200.jpg 300w, https:\/\/www.conservatoriodelasrosas.edu.mx\/Web\/wp-content\/uploads\/2020\/01\/Eva-Pleskova-1-768x512.jpg 768w, https:\/\/www.conservatoriodelasrosas.edu.mx\/Web\/wp-content\/uploads\/2020\/01\/Eva-Pleskova-1.jpg 1200w\" sizes=\"(max-width: 790px) 100vw, 790px\" \/>\t\t\t\t\t\t\t\t<\/a>\n\t\t\t\t\t\t\t\t\t\t\t\t\t\t\t<\/div>\n\t\t\t\t<\/div>\n\t\t\t\t\t<\/div>\n\t\t<\/div>\n\t\t\t\t\t<\/div>\n\t\t<\/section>\n\t\t\t\t\t<\/div>\n\t\t<\/div>\n\t\t\t\t\t<\/div>\n\t\t<\/section>\n\t\t\t\t<\/div>\n\t\t","protected":false},"excerpt":{"rendered":"<p>Eva Pleskova Eva Ple\u0161kov\u00e1, de la Rep\u00fablica Checa, comenz\u00f3 sus estudios musicales como guitarrista a la edad de 7 a\u00f1os. Posteriormente ingres\u00f3 al Conservatorio de Krom\u011b\u0159\u00ed\u017e, en donde unos a\u00f1os m\u00e1s tarde complet\u00f3 sus estudios de nivel medio superior. Tambi\u00e9n realiz\u00f3 estudios bajo la tutela del profesor \u0160t\u011bp\u00e1n Rak en la Academia de Artes Musicales (AMU) de Praga donde finalmente obtuvo su t\u00edtulo profesional a&hellip; <\/p>\n","protected":false},"author":2,"featured_media":0,"parent":0,"menu_order":0,"comment_status":"closed","ping_status":"closed","template":"","meta":{"footnotes":""},"class_list":["post-1768","page","type-page","status-publish","hentry","clearfix"],"_links":{"self":[{"href":"https:\/\/www.conservatoriodelasrosas.edu.mx\/Web\/wp-json\/wp\/v2\/pages\/1768","targetHints":{"allow":["GET"]}}],"collection":[{"href":"https:\/\/www.conservatoriodelasrosas.edu.mx\/Web\/wp-json\/wp\/v2\/pages"}],"about":[{"href":"https:\/\/www.conservatoriodelasrosas.edu.mx\/Web\/wp-json\/wp\/v2\/types\/page"}],"author":[{"embeddable":true,"href":"https:\/\/www.conservatoriodelasrosas.edu.mx\/Web\/wp-json\/wp\/v2\/users\/2"}],"replies":[{"embeddable":true,"href":"https:\/\/www.conservatoriodelasrosas.edu.mx\/Web\/wp-json\/wp\/v2\/comments?post=1768"}],"version-history":[{"count":5,"href":"https:\/\/www.conservatoriodelasrosas.edu.mx\/Web\/wp-json\/wp\/v2\/pages\/1768\/revisions"}],"predecessor-version":[{"id":2232,"href":"https:\/\/www.conservatoriodelasrosas.edu.mx\/Web\/wp-json\/wp\/v2\/pages\/1768\/revisions\/2232"}],"wp:attachment":[{"href":"https:\/\/www.conservatoriodelasrosas.edu.mx\/Web\/wp-json\/wp\/v2\/media?parent=1768"}],"curies":[{"name":"wp","href":"https:\/\/api.w.org\/{rel}","templated":true}]}}