{"id":2289,"date":"2020-01-21T12:41:31","date_gmt":"2020-01-21T18:41:31","guid":{"rendered":"https:\/\/www.conservatoriodelasrosas.edu.mx\/Web\/?p=2289"},"modified":"2021-06-15T18:40:48","modified_gmt":"2021-06-15T23:40:48","slug":"convocatoria-bigband-conservatorio-de-las-rosas","status":"publish","type":"page","link":"https:\/\/www.conservatoriodelasrosas.edu.mx\/Web\/convocatoria-bigband-conservatorio-de-las-rosas\/","title":{"rendered":"Convocatoria BigBand Conservatorio de las Rosas"},"content":{"rendered":"\t\t<div data-elementor-type=\"wp-post\" data-elementor-id=\"2289\" class=\"elementor elementor-2289\">\n\t\t\t\t\t\t<section class=\"elementor-section elementor-top-section elementor-element elementor-element-50c187d elementor-section-boxed elementor-section-height-default elementor-section-height-default\" data-id=\"50c187d\" data-element_type=\"section\" data-e-type=\"section\">\n\t\t\t\t\t\t<div class=\"elementor-container elementor-column-gap-default\">\n\t\t\t\t\t<div class=\"elementor-column elementor-col-100 elementor-top-column elementor-element elementor-element-4538a044\" data-id=\"4538a044\" data-element_type=\"column\" data-e-type=\"column\">\n\t\t\t<div class=\"elementor-widget-wrap elementor-element-populated\">\n\t\t\t\t\t\t<div class=\"elementor-element elementor-element-24296c7e elementor-widget elementor-widget-text-editor\" data-id=\"24296c7e\" data-element_type=\"widget\" data-e-type=\"widget\" data-widget_type=\"text-editor.default\">\n\t\t\t\t<div class=\"elementor-widget-container\">\n\t\t\t\t\t\t\t\t\t\n<figure class=\"wp-block-image size-large is-style-circle-mask\"><img fetchpriority=\"high\" decoding=\"async\" class=\"aligncenter wp-image-2290\" src=\"https:\/\/www.conservatoriodelasrosas.edu.mx\/Web\/wp-content\/uploads\/2020\/01\/convovatoria-para-RS.png\" alt=\"\" width=\"733\" height=\"733\" srcset=\"https:\/\/www.conservatoriodelasrosas.edu.mx\/Web\/wp-content\/uploads\/2020\/01\/convovatoria-para-RS.png 733w, https:\/\/www.conservatoriodelasrosas.edu.mx\/Web\/wp-content\/uploads\/2020\/01\/convovatoria-para-RS-300x300.png 300w, https:\/\/www.conservatoriodelasrosas.edu.mx\/Web\/wp-content\/uploads\/2020\/01\/convovatoria-para-RS-150x150.png 150w\" sizes=\"(max-width: 733px) 100vw, 733px\" \/><\/figure>\n\n<p>Alumnos del Conservatorio de las Rosas y m\u00fasicos de jazz en Morelia y cercan\u00edas, se abre la invitaci\u00f3n para participar en las audiciones que se llevar\u00e1n a cabo los mi\u00e9rcoles 5, 12, 19 y 26 de Febrero de 2020, de 4 a 6 pm en la Sala Ni\u00f1os Cantores de Morelia.<\/p>\n\n<p>Para formar parte de:<\/p>\n\n<p>LA BIGBAND DEL CONSERVATORIO DE LAS ROSAS<\/p>\n\n<p>Bajo la direcci\u00f3n del profesor, Julio Espinosa<\/p>\n\n<p>Instrumentos requeridos: 5 saxofones, (2 alatos, 2 tenores y 1 bar\u00edtono), 4 trompetas, 4 trombones, 1 piano, 1 guitarra, 1 contrabajo, 1 bater\u00eda, voz y extras\u00a0\u00a0\u00a0\u00a0\u00a0 \u00a0\u00a0(flauta, clarinete, cuerdas, percusi\u00f3n afrolatina, etc, opcional: cuarteto de cuerdas, vibr\u00e1fono, teclado, percusiones).<\/p>\n\n<p>Para m\u00e1s informaci\u00f3n comunicarse v\u00eda Whatssap al 4432 71 97 66.<\/p>\n\n<p>Se aceptar\u00e1n m\u00fasicos extras de cada instrumento para refuerzos.<\/p>\n\t\t\t\t\t\t\t\t<\/div>\n\t\t\t\t<\/div>\n\t\t\t\t\t<\/div>\n\t\t<\/div>\n\t\t\t\t\t<\/div>\n\t\t<\/section>\n\t\t\t\t<\/div>\n\t\t","protected":false},"excerpt":{"rendered":"<p>Alumnos del Conservatorio de las Rosas y m\u00fasicos de jazz en Morelia y cercan\u00edas, se abre la invitaci\u00f3n para participar en las audiciones que se llevar\u00e1n a cabo los mi\u00e9rcoles 5, 12, 19 y 26 de Febrero de 2020, de 4 a 6 pm en la Sala Ni\u00f1os Cantores de Morelia. Para formar parte de: LA BIGBAND DEL CONSERVATORIO DE LAS ROSAS Bajo la direcci\u00f3n&hellip; <\/p>\n","protected":false},"author":2,"featured_media":2290,"parent":0,"menu_order":0,"comment_status":"closed","ping_status":"closed","template":"","meta":{"footnotes":""},"class_list":["post-2289","page","type-page","status-publish","has-post-thumbnail","hentry","clearfix"],"_links":{"self":[{"href":"https:\/\/www.conservatoriodelasrosas.edu.mx\/Web\/wp-json\/wp\/v2\/pages\/2289","targetHints":{"allow":["GET"]}}],"collection":[{"href":"https:\/\/www.conservatoriodelasrosas.edu.mx\/Web\/wp-json\/wp\/v2\/pages"}],"about":[{"href":"https:\/\/www.conservatoriodelasrosas.edu.mx\/Web\/wp-json\/wp\/v2\/types\/page"}],"author":[{"embeddable":true,"href":"https:\/\/www.conservatoriodelasrosas.edu.mx\/Web\/wp-json\/wp\/v2\/users\/2"}],"replies":[{"embeddable":true,"href":"https:\/\/www.conservatoriodelasrosas.edu.mx\/Web\/wp-json\/wp\/v2\/comments?post=2289"}],"version-history":[{"count":3,"href":"https:\/\/www.conservatoriodelasrosas.edu.mx\/Web\/wp-json\/wp\/v2\/pages\/2289\/revisions"}],"predecessor-version":[{"id":4352,"href":"https:\/\/www.conservatoriodelasrosas.edu.mx\/Web\/wp-json\/wp\/v2\/pages\/2289\/revisions\/4352"}],"wp:featuredmedia":[{"embeddable":true,"href":"https:\/\/www.conservatoriodelasrosas.edu.mx\/Web\/wp-json\/wp\/v2\/media\/2290"}],"wp:attachment":[{"href":"https:\/\/www.conservatoriodelasrosas.edu.mx\/Web\/wp-json\/wp\/v2\/media?parent=2289"}],"curies":[{"name":"wp","href":"https:\/\/api.w.org\/{rel}","templated":true}]}}