{"id":2323,"date":"2020-01-22T08:53:43","date_gmt":"2020-01-22T14:53:43","guid":{"rendered":"https:\/\/www.conservatoriodelasrosas.edu.mx\/Web\/?page_id=2323"},"modified":"2020-01-22T10:31:22","modified_gmt":"2020-01-22T16:31:22","slug":"fernando-ortiz-rojas","status":"publish","type":"page","link":"https:\/\/www.conservatoriodelasrosas.edu.mx\/Web\/fernando-ortiz-rojas\/","title":{"rendered":"Fernando Ortiz Rojas"},"content":{"rendered":"\t\t<div data-elementor-type=\"wp-page\" data-elementor-id=\"2323\" class=\"elementor elementor-2323\">\n\t\t\t\t\t\t<section class=\"elementor-section elementor-top-section elementor-element elementor-element-3224da37 elementor-section-stretched elementor-section-full_width elementor-section-height-min-height elementor-section-height-default elementor-section-items-middle\" data-id=\"3224da37\" data-element_type=\"section\" data-e-type=\"section\" data-settings=\"{&quot;stretch_section&quot;:&quot;section-stretched&quot;,&quot;background_background&quot;:&quot;slideshow&quot;,&quot;background_slideshow_gallery&quot;:[{&quot;id&quot;:2308,&quot;url&quot;:&quot;https:\\\/\\\/www.conservatoriodelasrosas.edu.mx\\\/Web\\\/wp-content\\\/uploads\\\/2020\\\/01\\\/Materias-Te\\u00f3ricas-Musicales-1.jpg&quot;}],&quot;background_slideshow_loop&quot;:&quot;yes&quot;,&quot;background_slideshow_slide_duration&quot;:5000,&quot;background_slideshow_slide_transition&quot;:&quot;fade&quot;,&quot;background_slideshow_transition_duration&quot;:500}\">\n\t\t\t\t\t\t<div class=\"elementor-container elementor-column-gap-default\">\n\t\t\t\t\t<div class=\"elementor-column elementor-col-100 elementor-top-column elementor-element elementor-element-40b7c04c\" data-id=\"40b7c04c\" data-element_type=\"column\" data-e-type=\"column\">\n\t\t\t<div class=\"elementor-widget-wrap elementor-element-populated\">\n\t\t\t\t\t\t<div class=\"elementor-element elementor-element-3eeecc2d elementor-widget elementor-widget-heading\" data-id=\"3eeecc2d\" data-element_type=\"widget\" data-e-type=\"widget\" data-widget_type=\"heading.default\">\n\t\t\t\t<div class=\"elementor-widget-container\">\n\t\t\t\t\t<h1 class=\"elementor-heading-title elementor-size-xl\">Fernando Ortiz Rojas<\/h1>\t\t\t\t<\/div>\n\t\t\t\t<\/div>\n\t\t\t\t\t<\/div>\n\t\t<\/div>\n\t\t\t\t\t<\/div>\n\t\t<\/section>\n\t\t\t\t<section class=\"elementor-section elementor-top-section elementor-element elementor-element-58a513fa elementor-section-stretched elementor-section-full_width elementor-section-height-default elementor-section-height-default\" data-id=\"58a513fa\" data-element_type=\"section\" data-e-type=\"section\" data-settings=\"{&quot;stretch_section&quot;:&quot;section-stretched&quot;}\">\n\t\t\t\t\t\t<div class=\"elementor-container elementor-column-gap-default\">\n\t\t\t\t\t<div class=\"elementor-column elementor-col-100 elementor-top-column elementor-element elementor-element-897d1f2\" data-id=\"897d1f2\" data-element_type=\"column\" data-e-type=\"column\">\n\t\t\t<div class=\"elementor-widget-wrap elementor-element-populated\">\n\t\t\t\t\t\t<section class=\"elementor-section elementor-inner-section elementor-element elementor-element-4f6cb1a4 elementor-section-boxed elementor-section-height-default elementor-section-height-default\" data-id=\"4f6cb1a4\" data-element_type=\"section\" data-e-type=\"section\">\n\t\t\t\t\t\t<div class=\"elementor-container elementor-column-gap-default\">\n\t\t\t\t\t<div class=\"elementor-column elementor-col-50 elementor-inner-column elementor-element elementor-element-ed0b4f7\" data-id=\"ed0b4f7\" data-element_type=\"column\" data-e-type=\"column\">\n\t\t\t<div class=\"elementor-widget-wrap elementor-element-populated\">\n\t\t\t\t\t\t<div class=\"elementor-element elementor-element-447a3e08 elementor-widget elementor-widget-text-editor\" data-id=\"447a3e08\" data-element_type=\"widget\" data-e-type=\"widget\" data-widget_type=\"text-editor.default\">\n\t\t\t\t<div class=\"elementor-widget-container\">\n\t\t\t\t\t\t\t\t\t<p><strong>Director esc\u00e9nico con 47 a\u00f1os de trayectoria.\u00a0<\/strong><\/p><p>Director de teatro y \u00f3pera, docente y dramaturgo, nacido en la Ciudad de M\u00e9xico. De sus 68 a\u00f1os de edad, 47 los ha dedicado a la docencia, actuaci\u00f3n y direcci\u00f3n de teatro y \u00f3pera. Actualmente se desempe\u00f1a como maestro en artes esc\u00e9nicas de la Facultad Popular de Bellas Artes de la UMSNH y en el Conservatorio de las Rosas; adem\u00e1s de su colaboraci\u00f3n constante con otras instituciones como el Tec de Monterrey, IMCED, UNLA y UDEM.<\/p><p>Lic. en Artes Esc\u00e9nicas por la Universidad de Guadalajara, titulado por excelencia acad\u00e9mica (2011). Como proyecto de titulaci\u00f3n\u00a0dirigi\u00f3\u00a0<em>Div\u00e1n<\/em>\u00a0de Marco Antonio de la Parra.<\/p><p>De\u00a02007 al 2013 fue\u00a0Jefe del Depto.\u00a0de Teatro de la Secretar\u00eda de Cultura de Michoac\u00e1n.<\/p><p>Estudi\u00f3 con\u00a0Rub\u00e9n Y\u00e1\u00f1ez,\u00a0Atahualpa del Cioppo, Ignacio Retes,\u00a0Sergio Bustamante,\u00a0Hugo Arg\u00fcelles, Julio Castillo,\u00a0Ignacio Merino\u00a0Lanzelotti, Soledad Ruiz,\u00a0Blas\u00a0Braidot,\u00a0Ludwik\u00a0Margules\u00a0y Luis de Tavira.<\/p><p><strong>2000-2001<\/strong>\u00a0Becario del Programa Nacional de Educaci\u00f3n Art\u00edstica para la creaci\u00f3n del Centro de Documentaci\u00f3n e Investigaci\u00f3n de las Artes Esc\u00e9nicas,\u00a0ubicado\u00a0en la biblioteca Bosch\u00a0Vargaslugo\u00a0del Centro Cultural Clavijero, Morelia,\u00a0Mich.<\/p><p><strong>2001-2002<\/strong>\u00a0Becario del Fondo Estatal para la Cultura y las Artes de Michoac\u00e1n (FOESCAM),\u00a0Creadores con Trayectoria,\u00a0proyecto\u00a0<em>El Espacio en la Praxis Esc\u00e9nica<\/em>.<\/p><p><strong>1998-1999<\/strong>\u00a0Becario del FONCA como director de escena en el proyecto \u00d3pera para todos.<strong>\u00a0<\/strong>Ensamble Lirico Enrico\u00a0Caruso.<\/p>\t\t\t\t\t\t\t\t<\/div>\n\t\t\t\t<\/div>\n\t\t\t\t\t<\/div>\n\t\t<\/div>\n\t\t\t\t<div class=\"elementor-column elementor-col-50 elementor-inner-column elementor-element elementor-element-5d066af2\" data-id=\"5d066af2\" data-element_type=\"column\" data-e-type=\"column\">\n\t\t\t<div class=\"elementor-widget-wrap elementor-element-populated\">\n\t\t\t\t\t\t<div class=\"elementor-element elementor-element-31b0427e elementor-widget elementor-widget-image\" data-id=\"31b0427e\" data-element_type=\"widget\" data-e-type=\"widget\" data-widget_type=\"image.default\">\n\t\t\t\t<div class=\"elementor-widget-container\">\n\t\t\t\t\t\t\t\t\t\t\t\t\t\t\t\t<a href=\"https:\/\/www.conservatoriodelasrosas.edu.mx\/Web\/wp-content\/uploads\/2020\/01\/Fernando-Ortiz-Rojas-1.jpg\" data-elementor-open-lightbox=\"yes\" data-elementor-lightbox-title=\"Fernando Ortiz Rojas\" data-e-action-hash=\"#elementor-action%3Aaction%3Dlightbox%26settings%3DeyJpZCI6MjM0NSwidXJsIjoiaHR0cHM6XC9cL3d3dy5jb25zZXJ2YXRvcmlvZGVsYXNyb3Nhcy5lZHUubXhcL1dlYlwvd3AtY29udGVudFwvdXBsb2Fkc1wvMjAyMFwvMDFcL0Zlcm5hbmRvLU9ydGl6LVJvamFzLTEuanBnIn0%3D\">\n\t\t\t\t\t\t\t<img fetchpriority=\"high\" decoding=\"async\" width=\"573\" height=\"429\" src=\"https:\/\/www.conservatoriodelasrosas.edu.mx\/Web\/wp-content\/uploads\/2020\/01\/Fernando-Ortiz-Rojas-1.jpg\" class=\"attachment-large size-large wp-image-2345\" alt=\"\" srcset=\"https:\/\/www.conservatoriodelasrosas.edu.mx\/Web\/wp-content\/uploads\/2020\/01\/Fernando-Ortiz-Rojas-1.jpg 573w, https:\/\/www.conservatoriodelasrosas.edu.mx\/Web\/wp-content\/uploads\/2020\/01\/Fernando-Ortiz-Rojas-1-300x225.jpg 300w\" sizes=\"(max-width: 573px) 100vw, 573px\" \/>\t\t\t\t\t\t\t\t<\/a>\n\t\t\t\t\t\t\t\t\t\t\t\t\t\t\t<\/div>\n\t\t\t\t<\/div>\n\t\t\t\t\t<\/div>\n\t\t<\/div>\n\t\t\t\t\t<\/div>\n\t\t<\/section>\n\t\t\t\t\t<\/div>\n\t\t<\/div>\n\t\t\t\t\t<\/div>\n\t\t<\/section>\n\t\t\t\t<\/div>\n\t\t","protected":false},"excerpt":{"rendered":"<p>Fernando Ortiz Rojas Director esc\u00e9nico con 47 a\u00f1os de trayectoria.\u00a0 Director de teatro y \u00f3pera, docente y dramaturgo, nacido en la Ciudad de M\u00e9xico. De sus 68 a\u00f1os de edad, 47 los ha dedicado a la docencia, actuaci\u00f3n y direcci\u00f3n de teatro y \u00f3pera. Actualmente se desempe\u00f1a como maestro en artes esc\u00e9nicas de la Facultad Popular de Bellas Artes de la UMSNH y en el&hellip; <\/p>\n","protected":false},"author":2,"featured_media":0,"parent":0,"menu_order":0,"comment_status":"closed","ping_status":"closed","template":"","meta":{"footnotes":""},"class_list":["post-2323","page","type-page","status-publish","hentry","clearfix"],"_links":{"self":[{"href":"https:\/\/www.conservatoriodelasrosas.edu.mx\/Web\/wp-json\/wp\/v2\/pages\/2323","targetHints":{"allow":["GET"]}}],"collection":[{"href":"https:\/\/www.conservatoriodelasrosas.edu.mx\/Web\/wp-json\/wp\/v2\/pages"}],"about":[{"href":"https:\/\/www.conservatoriodelasrosas.edu.mx\/Web\/wp-json\/wp\/v2\/types\/page"}],"author":[{"embeddable":true,"href":"https:\/\/www.conservatoriodelasrosas.edu.mx\/Web\/wp-json\/wp\/v2\/users\/2"}],"replies":[{"embeddable":true,"href":"https:\/\/www.conservatoriodelasrosas.edu.mx\/Web\/wp-json\/wp\/v2\/comments?post=2323"}],"version-history":[{"count":4,"href":"https:\/\/www.conservatoriodelasrosas.edu.mx\/Web\/wp-json\/wp\/v2\/pages\/2323\/revisions"}],"predecessor-version":[{"id":2366,"href":"https:\/\/www.conservatoriodelasrosas.edu.mx\/Web\/wp-json\/wp\/v2\/pages\/2323\/revisions\/2366"}],"wp:attachment":[{"href":"https:\/\/www.conservatoriodelasrosas.edu.mx\/Web\/wp-json\/wp\/v2\/media?parent=2323"}],"curies":[{"name":"wp","href":"https:\/\/api.w.org\/{rel}","templated":true}]}}