{"id":2594,"date":"2020-01-30T13:06:58","date_gmt":"2020-01-30T19:06:58","guid":{"rendered":"https:\/\/www.conservatoriodelasrosas.edu.mx\/Web\/?page_id=2594"},"modified":"2021-04-19T15:12:41","modified_gmt":"2021-04-19T20:12:41","slug":"licenciatura","status":"publish","type":"page","link":"https:\/\/www.conservatoriodelasrosas.edu.mx\/Web\/licenciatura\/","title":{"rendered":"Licenciatura"},"content":{"rendered":"\t\t<div data-elementor-type=\"wp-page\" data-elementor-id=\"2594\" class=\"elementor elementor-2594\">\n\t\t\t\t\t\t<section class=\"elementor-section elementor-top-section elementor-element elementor-element-50fdc6a5 elementor-section-stretched elementor-section-full_width elementor-section-height-min-height elementor-section-height-default elementor-section-items-middle\" data-id=\"50fdc6a5\" data-element_type=\"section\" data-e-type=\"section\" data-settings=\"{&quot;stretch_section&quot;:&quot;section-stretched&quot;,&quot;background_background&quot;:&quot;slideshow&quot;,&quot;background_slideshow_gallery&quot;:[{&quot;id&quot;:2528,&quot;url&quot;:&quot;https:\\\/\\\/www.conservatoriodelasrosas.edu.mx\\\/Web\\\/wp-content\\\/uploads\\\/2020\\\/01\\\/Licenciatura-1-scaled.jpg&quot;}],&quot;background_slideshow_loop&quot;:&quot;yes&quot;,&quot;background_slideshow_slide_duration&quot;:5000,&quot;background_slideshow_slide_transition&quot;:&quot;fade&quot;,&quot;background_slideshow_transition_duration&quot;:500}\">\n\t\t\t\t\t\t<div class=\"elementor-container elementor-column-gap-default\">\n\t\t\t\t\t<div class=\"elementor-column elementor-col-100 elementor-top-column elementor-element elementor-element-8e54bf8\" data-id=\"8e54bf8\" data-element_type=\"column\" data-e-type=\"column\">\n\t\t\t<div class=\"elementor-widget-wrap elementor-element-populated\">\n\t\t\t\t\t\t<div class=\"elementor-element elementor-element-148f1bdd elementor-widget elementor-widget-heading\" data-id=\"148f1bdd\" data-element_type=\"widget\" data-e-type=\"widget\" data-widget_type=\"heading.default\">\n\t\t\t\t<div class=\"elementor-widget-container\">\n\t\t\t\t\t<h1 class=\"elementor-heading-title elementor-size-xl\">Licenciatura<\/h1>\t\t\t\t<\/div>\n\t\t\t\t<\/div>\n\t\t\t\t\t<\/div>\n\t\t<\/div>\n\t\t\t\t\t<\/div>\n\t\t<\/section>\n\t\t\t\t<section class=\"elementor-section elementor-top-section elementor-element elementor-element-6078b7bd elementor-section-boxed elementor-section-height-default elementor-section-height-default\" data-id=\"6078b7bd\" data-element_type=\"section\" data-e-type=\"section\">\n\t\t\t\t\t\t<div class=\"elementor-container elementor-column-gap-default\">\n\t\t\t\t\t<div class=\"elementor-column elementor-col-100 elementor-top-column elementor-element elementor-element-1a81bf38\" data-id=\"1a81bf38\" data-element_type=\"column\" data-e-type=\"column\">\n\t\t\t<div class=\"elementor-widget-wrap elementor-element-populated\">\n\t\t\t\t\t\t<div class=\"elementor-element elementor-element-2870ff07 elementor-tabs-view-horizontal elementor-widget elementor-widget-tabs\" data-id=\"2870ff07\" data-element_type=\"widget\" data-e-type=\"widget\" data-widget_type=\"tabs.default\">\n\t\t\t\t<div class=\"elementor-widget-container\">\n\t\t\t\t\t\t\t<div class=\"elementor-tabs\">\n\t\t\t<div class=\"elementor-tabs-wrapper\" role=\"tablist\" >\n\t\t\t\t\t\t\t\t\t<div id=\"elementor-tab-title-6781\" class=\"elementor-tab-title elementor-tab-desktop-title\" aria-selected=\"true\" data-tab=\"1\" role=\"tab\" tabindex=\"0\" aria-controls=\"elementor-tab-content-6781\" aria-expanded=\"false\">Bienvenidos<\/div>\n\t\t\t\t\t\t\t\t\t<div id=\"elementor-tab-title-6782\" class=\"elementor-tab-title elementor-tab-desktop-title\" aria-selected=\"false\" data-tab=\"2\" role=\"tab\" tabindex=\"-1\" aria-controls=\"elementor-tab-content-6782\" aria-expanded=\"false\">Ideario<\/div>\n\t\t\t\t\t\t\t\t\t<div id=\"elementor-tab-title-6783\" class=\"elementor-tab-title elementor-tab-desktop-title\" aria-selected=\"false\" data-tab=\"3\" role=\"tab\" tabindex=\"-1\" aria-controls=\"elementor-tab-content-6783\" aria-expanded=\"false\">Especialidades<\/div>\n\t\t\t\t\t\t\t\t\t<div id=\"elementor-tab-title-6784\" class=\"elementor-tab-title elementor-tab-desktop-title\" aria-selected=\"false\" data-tab=\"4\" role=\"tab\" tabindex=\"-1\" aria-controls=\"elementor-tab-content-6784\" aria-expanded=\"false\">Planes de estudio<\/div>\n\t\t\t\t\t\t\t\t\t<div id=\"elementor-tab-title-6785\" class=\"elementor-tab-title elementor-tab-desktop-title\" aria-selected=\"false\" data-tab=\"5\" role=\"tab\" tabindex=\"-1\" aria-controls=\"elementor-tab-content-6785\" aria-expanded=\"false\">Inscribete<\/div>\n\t\t\t\t\t\t\t<\/div>\n\t\t\t<div class=\"elementor-tabs-content-wrapper\" role=\"tablist\" aria-orientation=\"vertical\">\n\t\t\t\t\t\t\t\t\t<div class=\"elementor-tab-title elementor-tab-mobile-title\" aria-selected=\"true\" data-tab=\"1\" role=\"tab\" tabindex=\"0\" aria-controls=\"elementor-tab-content-6781\" aria-expanded=\"false\">Bienvenidos<\/div>\n\t\t\t\t\t<div id=\"elementor-tab-content-6781\" class=\"elementor-tab-content elementor-clearfix\" data-tab=\"1\" role=\"tabpanel\" aria-labelledby=\"elementor-tab-title-6781\" tabindex=\"0\" hidden=\"false\"><p><strong>Si est\u00e1s leyendo este texto, muy probablemente est\u00e1s buscando opciones para estudiar m\u00fasica a nivel profesional, pues ya tienes tu bachillerato y estudios avanzados que te permitir\u00e1n avanzar a una formaci\u00f3n universitaria en m\u00fasica.<\/strong><\/p><p>Pues bien, te encuentras en el camino correcto. El Conservatorio de las Rosas ofrece una de las m\u00e1s exigentes opciones de formaci\u00f3n profesional en m\u00fasica. Su equipo de maestros altamente calificados garantizan una preparaci\u00f3n que puede observarse emp\u00edricamente en cualquiera de nuestros estudiantes en activo, quienes realizan permanentemente conciertos p\u00fablicos, en un contexto profesional.<\/p><p>Estudiar en el Conservatorio de las Rosas es una garant\u00eda de que obtendr\u00e1s una formaci\u00f3n profesional de primer nivel. Nuestros egresados se encuentran en lugares prominentes de la actividad musical.<\/p><p>Para ingresar a la licenciatura del Conservatorio de las Rosas requieres presentar un examen en tu instrumento, que acredite tu formaci\u00f3n media, adem\u00e1s del certificado de cualquier Bachillerato general, un examen de armon\u00eda e historia de la m\u00fasica.<\/p><p>En su concierto de graduaci\u00f3n, los alumnos presentan un repertorio con obras de alto nivel t\u00e9cnico y musical de su instrumento, con solvencia admirable. Podr\u00e1s encontrar en nuestra p\u00e1gina algunos ejemplos.<\/p><p>Al graduarte, habr\u00e1s obtenido una formaci\u00f3n suficiente para aspirar a cualquier posgrado internacional en condiciones de gran competitividad.<\/p><p>Nuestra comunidad est\u00e1 integrada en el respeto a la diversidad, y tiene las puertas abiertas a estudiantes de M\u00e9xico y del extranjero, sin distinci\u00f3n de raza, credo, sexo, ideolog\u00eda o condici\u00f3n social. Nuestra comunidad es af\u00edn a los idearios del siglo XXI. Es una comunidad moderna, creativa, libre, que aprovecha el tiempo en el desarrollo de la persona individual.<\/p><p><strong>Nos sentimos orgullosos de que hayas considerado al Conservatorio de las Rosas, una instituci\u00f3n de larga trayectoria que puede mostrar sus muchas d\u00e9cadas de historia a trav\u00e9s de resultados patentes en muchas generaciones de estudiantes. En otras palabras, podemos \u00abmostrar\u00bb lo que hacemos, y no s\u00f3lo decirlo con palabras.<\/strong><\/p><p>Te invitamos a que, a trav\u00e9s de la informaci\u00f3n que hemos preparado de la manera m\u00e1s clara para ti, nos conozcas y sepas qu\u00e9 te ofrecemos.<\/p><p>Educar es mucho m\u00e1s que transmitir conocimientos.\u00a0Es todo un arte, raz\u00f3n de ser y existir del Conservatorio.<\/p><h4><span style=\"color: #338464;\"><strong>Objetivo general<\/strong><\/span><\/h4><p>Ofrecer una alternativa sistematizada que permita a los estudiantes continuar su formaci\u00f3n musical al egresar del nivel medio superior, con el prop\u00f3sito de formarlos como profesionales, y proporcionarles las herramientas necesarias, en su caso, para realizar estudios posteriores de postgrado.<\/p><h4><span style=\"color: #338464;\"><strong>Objetivos particulares<\/strong><\/span><\/h4><p>Ofrecer al estudiante una licenciatura en m\u00fasica con reconocimiento oficial. Formar profesionales que al final de su formaci\u00f3n sean capaces de enfrentarse al p\u00fablico como solistas, o integrarse como ejecutantes a una orquesta, como acompa\u00f1antes, a coros, ensambles de c\u00e1mara, etc. Dar al estudiante una formaci\u00f3n de alto nivel con el sentido de crear profesionales de alta calidad. Egresar profesionales de tal nivel que puedan competir internacionalmente.<\/p><\/div>\n\t\t\t\t\t\t\t\t\t<div class=\"elementor-tab-title elementor-tab-mobile-title\" aria-selected=\"false\" data-tab=\"2\" role=\"tab\" tabindex=\"-1\" aria-controls=\"elementor-tab-content-6782\" aria-expanded=\"false\">Ideario<\/div>\n\t\t\t\t\t<div id=\"elementor-tab-content-6782\" class=\"elementor-tab-content elementor-clearfix\" data-tab=\"2\" role=\"tabpanel\" aria-labelledby=\"elementor-tab-title-6782\" tabindex=\"0\" hidden=\"hidden\"><div class=\"mcb-wrap-inner\"><div class=\"column mcb-column two-third column_tabs \"><div class=\"jq-tabs tabs_wrapper tabs_vertical ui-tabs ui-widget ui-widget-content ui-corner-all\"><div id=\"tab-5e22065321072-2\" class=\"ui-tabs-panel ui-widget-content ui-corner-bottom\" role=\"tabpanel\" aria-labelledby=\"ui-id-2\" aria-hidden=\"false\"><p><strong>Nuestro ideario est\u00e1 comprometido con los siguientes prop\u00f3sitos, v\u00e1lidos para cualquiera de los niveles acad\u00e9micos que impartimos. Queremos que cada estudiante lleve consigo:<\/strong><\/p><ul><li>Un aprendizaje integral (aprender a ser, aprender a aprender, aprender a convivir y aprender a hacer).<\/li><li>La capacidad de manejar los valores universales y la libertad con la que naci\u00f3, no solamente como una actitud de respeto hacia s\u00ed mismo y su entorno, sino para desarrollar de manera efectiva el juicio cr\u00edtico, el an\u00e1lisis de problemas y la toma de decisiones.<\/li><li>H\u00e1bitos de lector, herramienta indispensable para cualquier estudio posterior, y para la vida misma.<\/li><li>Una formaci\u00f3n acad\u00e9mica de excelencia que le permita construir su futuro.<\/li><li>Habilidades sociales para establecer sanas relaciones exitosas con las personas de su entorno.<\/li><li>Habilidades est\u00e9ticas para apreciar, crear y experimentar el arte y la m\u00fasica.<\/li><li>El dominio del idioma ingl\u00e9s, de forma que pueda insertarse con facilidad en una sociedad cada d\u00eda m\u00e1s global.<\/li><li>El recuerdo permanente de haber realizado sus estudios en un espacio que le ha respetado, protegido y que, con dedicaci\u00f3n y cari\u00f1o, le ha ayudado a convertirse en una buena persona, madura, responsable y comprometida.<\/li><\/ul><p>Estas ideas nos gu\u00edan incesantemente desde el maternal hasta la licenciatura. Nuestro bachillerato se vuelca de lleno, sin abandonar este ideario, hacia la formaci\u00f3n profesional en la m\u00fasica, como nuestras m\u00e1s de veinte licenciaturas. He aqu\u00ed las metas hacia las que dirigimos nuestra atenci\u00f3n y esfuerzo. Celebramos que vengas a formar parte de ellas.<\/p><\/div><\/div><\/div><div class=\"column mcb-column one-third column_image \"><div class=\"image_frame image_item no_link scale-with-grid has_border\"><div class=\"image_wrapper\">\u00a0<\/div><\/div><\/div><\/div><\/div>\n\t\t\t\t\t\t\t\t\t<div class=\"elementor-tab-title elementor-tab-mobile-title\" aria-selected=\"false\" data-tab=\"3\" role=\"tab\" tabindex=\"-1\" aria-controls=\"elementor-tab-content-6783\" aria-expanded=\"false\">Especialidades<\/div>\n\t\t\t\t\t<div id=\"elementor-tab-content-6783\" class=\"elementor-tab-content elementor-clearfix\" data-tab=\"3\" role=\"tabpanel\" aria-labelledby=\"elementor-tab-title-6783\" tabindex=\"0\" hidden=\"hidden\"><p>Para ingresar a la Licenciatura en M\u00fasica, el aspirante debe demostrar mediante documentaci\u00f3n oficial, la acreditaci\u00f3n del Bachillerato Acad\u00e9mico General, la comprobaci\u00f3n de estudios formales en m\u00fasica, y como edad m\u00e1xima deber\u00e1n tener las siguientes:<\/p><div><table width=\"670\"><tbody><tr><td width=\"164\"><p style=\"text-align: center;\"><span style=\"color: #338466;\"><strong>Especialidad<\/strong><\/span><\/p><\/td><td width=\"94\"><p style=\"text-align: center;\"><span style=\"color: #338466;\"><strong>Edad m\u00e1xima<\/strong><\/span><\/p><\/td><td width=\"170\"><p style=\"text-align: center;\"><span style=\"color: #338466;\"><strong>Especialidad<\/strong><\/span><\/p><\/td><td width=\"92\"><p style=\"text-align: center;\"><span style=\"color: #338466;\"><strong>Edad m\u00e1xima<\/strong><\/span><\/p><\/td><\/tr><tr><td>Clarinete<\/td><td>25 a\u00f1os<\/td><td>Oboe<\/td><td>25 a\u00f1os<\/td><\/tr><tr><td>Composici\u00f3n<\/td><td>25 a\u00f1os<\/td><td>Piano<\/td><td>20 a\u00f1os<\/td><\/tr><tr><td>Contrabajo<\/td><td>23 a\u00f1os<\/td><td>Saxof\u00f3n<\/td><td>25 a\u00f1os<\/td><\/tr><tr><td>Corno franc\u00e9s<\/td><td>20 a\u00f1os<\/td><td>Tromb\u00f3n<\/td><td>20 a\u00f1os<\/td><\/tr><tr><td>Direcci\u00f3n Coral<\/td><td>22 a\u00f1os<\/td><td>Trompeta<\/td><td>20 a\u00f1os<\/td><\/tr><tr><td>Fagot<\/td><td>25 a\u00f1os<\/td><td>Tuba<\/td><td>20a\u00f1os<\/td><\/tr><tr><td>Flauta<\/td><td>25 a\u00f1os<\/td><td>Viola<\/td><td>21 a\u00f1os<\/td><\/tr><tr><td>Guitarra<\/td><td>20 a\u00f1os<\/td><td>Viol\u00edn<\/td><td>20 a\u00f1os<\/td><\/tr><tr><td>Musicolog\u00eda<\/td><td>24 a\u00f1os<\/td><td>Violonchelo<\/td><td>22 a\u00f1os<\/td><\/tr><tr><td>\u00a0<\/td><td>\u00a0<\/td><td>Canto:<\/td><td>\u00a0<\/td><\/tr><tr><td>\u00a0<\/td><td>\u00a0<\/td><td>Hombres<\/td><td>26 a\u00f1os<\/td><\/tr><tr><td>\u00a0<\/td><td>\u00a0<\/td><td>Mujeres<\/td><td>24 a\u00f1os<\/td><\/tr><\/tbody><\/table><\/div><\/div>\n\t\t\t\t\t\t\t\t\t<div class=\"elementor-tab-title elementor-tab-mobile-title\" aria-selected=\"false\" data-tab=\"4\" role=\"tab\" tabindex=\"-1\" aria-controls=\"elementor-tab-content-6784\" aria-expanded=\"false\">Planes de estudio<\/div>\n\t\t\t\t\t<div id=\"elementor-tab-content-6784\" class=\"elementor-tab-content elementor-clearfix\" data-tab=\"4\" role=\"tabpanel\" aria-labelledby=\"elementor-tab-title-6784\" tabindex=\"0\" hidden=\"hidden\"><p style=\"text-align: left;\">Haz clic en la carrera que buscas para ver los planes de estudio descargables:<\/p><table width=\"576\"><tbody><tr><td style=\"text-align: center;\" width=\"243\"><a href=\"http:\/\/conservatoriodelasrosas.edu.mx\/Portal\/planes_licenciatura\/Licenciatura%20en%20Composicio%c2%a6%c3%bcn.xls\">Licenciatura en Composici\u00f3n<\/a><\/td><td style=\"text-align: center;\" width=\"303\"><a href=\"http:\/\/conservatoriodelasrosas.edu.mx\/Portal\/planes_licenciatura\/Licenciatura%20en%20Percusiones.xls\">Licenciatura en Percusiones<\/a><\/td><\/tr><tr><td style=\"text-align: center;\" width=\"243\"><a href=\"http:\/\/conservatoriodelasrosas.edu.mx\/Portal\/planes_licenciatura\/Licenciatura%20en%20Contrabajo.xls\">Licenciatura en Contrabajo<\/a><\/td><td style=\"text-align: center;\" width=\"303\"><a href=\"http:\/\/conservatoriodelasrosas.edu.mx\/Portal\/planes_licenciatura\/Licenciatura%20en%20Piano.xls\">Licenciatura en Piano<\/a><\/td><\/tr><tr><td style=\"text-align: center;\" width=\"243\"><a href=\"http:\/\/conservatoriodelasrosas.edu.mx\/Portal\/planes_licenciatura\/Licenciatura%20en%20Corno%20France%c2%a6%c3%bcs.xls\">Licenciatura en Corno Franc\u00e9s<\/a><\/td><td style=\"text-align: center;\" width=\"303\"><a href=\"http:\/\/conservatoriodelasrosas.edu.mx\/Portal\/planes_licenciatura\/Licenciatura%20en%20Saxofo%c2%a6%c3%bcn.xls\">Licenciatura en Saxof\u00f3n<\/a><\/td><\/tr><tr><td style=\"text-align: center;\" width=\"243\"><a href=\"http:\/\/conservatoriodelasrosas.edu.mx\/Portal\/planes_licenciatura\/Licenciatura%20en%20Direccio%c2%a6%c3%bcn%20Coral.xls\">Licenciatura en Direcci\u00f3n Coral<\/a><\/td><td style=\"text-align: center;\" width=\"303\"><a href=\"http:\/\/conservatoriodelasrosas.edu.mx\/Portal\/planes_licenciatura\/Licenciatura%20en%20Trombo%c2%a6%c3%bcn.xls\">Licenciatura en Tromb\u00f3n<\/a><\/td><\/tr><tr><td style=\"text-align: center;\" width=\"243\"><a href=\"http:\/\/conservatoriodelasrosas.edu.mx\/Portal\/planes_licenciatura\/Licenciatura%20en%20Fagot.xls\">Licenciatura en Fagot<\/a><\/td><td style=\"text-align: center;\" width=\"303\"><a href=\"http:\/\/conservatoriodelasrosas.edu.mx\/Portal\/planes_licenciatura\/Licenciatura%20en%20Trompeta.xls\">Licenciatura en Trompeta<\/a><\/td><\/tr><tr><td style=\"text-align: center;\" width=\"243\"><a href=\"http:\/\/conservatoriodelasrosas.edu.mx\/Portal\/planes_licenciatura\/Licenciatura%20en%20Flauta.xls\">Licenciatura en Flauta<\/a><\/td><td style=\"text-align: center;\" width=\"303\"><a href=\"http:\/\/conservatoriodelasrosas.edu.mx\/Portal\/planes_licenciatura\/Licenciatura%20en%20Tuba.xls\">Licenciatura en Tuba<\/a><\/td><\/tr><tr><td style=\"text-align: center;\" width=\"243\"><a href=\"http:\/\/conservatoriodelasrosas.edu.mx\/Portal\/planes_licenciatura\/Licenciatura%20en%20Guitarra.xls\">Licenciatura en Guitarra<\/a><\/td><td style=\"text-align: center;\" width=\"303\"><a href=\"http:\/\/conservatoriodelasrosas.edu.mx\/Portal\/planes_licenciatura\/Licenciatura%20en%20Viola.xls\">Licenciatura en Viola<\/a><\/td><\/tr><tr><td style=\"text-align: center;\" width=\"243\"><a href=\"http:\/\/conservatoriodelasrosas.edu.mx\/Portal\/planes_licenciatura\/Licenciatura%20en%20Musicologi%c2%a6%c3%bca.xls\">Licenciatura en Musicolog\u00eda<\/a><\/td><td style=\"text-align: center;\" width=\"303\"><a href=\"http:\/\/conservatoriodelasrosas.edu.mx\/Portal\/planes_licenciatura\/Licenciatura%20en%20Violi%c2%a6%c3%bcn.xls\">Licenciatura en Viol\u00edn<\/a><\/td><\/tr><tr><td style=\"text-align: center;\" width=\"243\"><a href=\"http:\/\/conservatoriodelasrosas.edu.mx\/Portal\/planes_licenciatura\/Licenciatura%20en%20Oboe.xls\">Licenciatura en Oboe<\/a><\/td><td style=\"text-align: center;\" width=\"303\"><a href=\"http:\/\/conservatoriodelasrosas.edu.mx\/Portal\/planes_licenciatura\/Licenciatura%20en%20Violoncello.xls\">Licenciatura en Violoncello<\/a><\/td><\/tr><tr><td style=\"text-align: center;\">\u00a0<a href=\"https:\/\/www.conservatoriodelasrosas.edu.mx\/Home\/wp-content\/uploads\/2017\/06\/Licenciatura-en-Canto-1.xls\" target=\"_blank\" rel=\"noopener noreferrer\">Licenciatura en\u00a0Canto<\/a><\/td><td>\u00a0<\/td><\/tr><\/tbody><\/table><\/div>\n\t\t\t\t\t\t\t\t\t<div class=\"elementor-tab-title elementor-tab-mobile-title\" aria-selected=\"false\" data-tab=\"5\" role=\"tab\" tabindex=\"-1\" aria-controls=\"elementor-tab-content-6785\" aria-expanded=\"false\">Inscribete<\/div>\n\t\t\t\t\t<div id=\"elementor-tab-content-6785\" class=\"elementor-tab-content elementor-clearfix\" data-tab=\"5\" role=\"tabpanel\" aria-labelledby=\"elementor-tab-title-6785\" tabindex=\"0\" hidden=\"hidden\"><h3><u><b><a href=\"https:\/\/www.conservatoriodelasrosas.edu.mx\/Web\/primera-convocatoria-para-examenes-en-linea-para-el-ciclo-2021-2022\/\" target=\"_blank\" rel=\"noopener\">&gt;&gt;Ficha de examen de admisi\u00f3n de Licenciatura&lt;&lt;<\/a><\/b><\/u><\/h3><p><iframe src=\"\/\/docs.google.com\/viewer?url=https%3A%2F%2Fwww.conservatoriodelasrosas.edu.mx%2FWeb%2Fwp-content%2Fuploads%2F2021%2F04%2FConvocatoria-2021-2022.pdf&#038;hl=es&#038;embedded=true\" class=\"gde-frame\" style=\"width:100%; height:500px; border: none;\" scrolling=\"no\"><\/iframe>\n<p class=\"gde-text\"><a href=\"https:\/\/www.conservatoriodelasrosas.edu.mx\/Web\/wp-content\/uploads\/2021\/04\/Convocatoria-2021-2022.pdf\" class=\"gde-link\">Descargar (PDF, 242KB)<\/a><\/p><\/p><\/div>\n\t\t\t\t\t\t\t<\/div>\n\t\t<\/div>\n\t\t\t\t\t\t<\/div>\n\t\t\t\t<\/div>\n\t\t\t\t\t<\/div>\n\t\t<\/div>\n\t\t\t\t<div class=\"elementor-column elementor-col-100 elementor-top-column elementor-element elementor-element-79116109\" data-id=\"79116109\" data-element_type=\"column\" data-e-type=\"column\">\n\t\t\t<div class=\"elementor-widget-wrap elementor-element-populated\">\n\t\t\t\t\t\t<div class=\"elementor-element elementor-element-391ff4ce elementor-widget elementor-widget-image\" data-id=\"391ff4ce\" data-element_type=\"widget\" data-e-type=\"widget\" data-widget_type=\"image.default\">\n\t\t\t\t<div class=\"elementor-widget-container\">\n\t\t\t\t\t\t\t\t\t\t\t\t\t\t\t\t<a href=\"https:\/\/www.conservatoriodelasrosas.edu.mx\/Web\/wp-content\/uploads\/2020\/01\/Escultura-conservatorio-de-las-rosas.jpg\" data-elementor-open-lightbox=\"yes\" data-elementor-lightbox-title=\"Escultura conservatorio de las rosas\" data-e-action-hash=\"#elementor-action%3Aaction%3Dlightbox%26settings%3DeyJpZCI6MjA5OCwidXJsIjoiaHR0cHM6XC9cL3d3dy5jb25zZXJ2YXRvcmlvZGVsYXNyb3Nhcy5lZHUubXhcL1dlYlwvd3AtY29udGVudFwvdXBsb2Fkc1wvMjAyMFwvMDFcL0VzY3VsdHVyYS1jb25zZXJ2YXRvcmlvLWRlLWxhcy1yb3Nhcy5qcGcifQ%3D%3D\">\n\t\t\t\t\t\t\t<img fetchpriority=\"high\" decoding=\"async\" width=\"402\" height=\"600\" src=\"https:\/\/www.conservatoriodelasrosas.edu.mx\/Web\/wp-content\/uploads\/2020\/01\/Escultura-conservatorio-de-las-rosas.jpg\" class=\"attachment-medium_large size-medium_large wp-image-2098\" alt=\"Escultura conservatorio de las rosas\" srcset=\"https:\/\/www.conservatoriodelasrosas.edu.mx\/Web\/wp-content\/uploads\/2020\/01\/Escultura-conservatorio-de-las-rosas.jpg 402w, https:\/\/www.conservatoriodelasrosas.edu.mx\/Web\/wp-content\/uploads\/2020\/01\/Escultura-conservatorio-de-las-rosas-201x300.jpg 201w\" sizes=\"(max-width: 402px) 100vw, 402px\" \/>\t\t\t\t\t\t\t\t<\/a>\n\t\t\t\t\t\t\t\t\t\t\t\t\t\t\t<\/div>\n\t\t\t\t<\/div>\n\t\t\t\t\t<\/div>\n\t\t<\/div>\n\t\t\t\t\t<\/div>\n\t\t<\/section>\n\t\t\t\t<section class=\"elementor-section elementor-top-section elementor-element elementor-element-122a9e53 elementor-section-boxed elementor-section-height-default elementor-section-height-default\" data-id=\"122a9e53\" data-element_type=\"section\" data-e-type=\"section\">\n\t\t\t\t\t\t<div class=\"elementor-container elementor-column-gap-default\">\n\t\t\t\t\t<div class=\"elementor-column elementor-col-100 elementor-top-column elementor-element elementor-element-b1ccde3\" data-id=\"b1ccde3\" data-element_type=\"column\" data-e-type=\"column\">\n\t\t\t<div class=\"elementor-widget-wrap\">\n\t\t\t\t\t\t\t<\/div>\n\t\t<\/div>\n\t\t\t\t\t<\/div>\n\t\t<\/section>\n\t\t\t\t<\/div>\n\t\t","protected":false},"excerpt":{"rendered":"<p>Licenciatura Bienvenidos Ideario Especialidades Planes de estudio Inscribete Bienvenidos Si est\u00e1s leyendo este texto, muy probablemente est\u00e1s buscando opciones para estudiar m\u00fasica a nivel profesional, pues ya tienes tu bachillerato y estudios avanzados que te permitir\u00e1n avanzar a una formaci\u00f3n universitaria en m\u00fasica. Pues bien, te encuentras en el camino correcto. El Conservatorio de las Rosas ofrece una de las m\u00e1s exigentes opciones de formaci\u00f3n&hellip; <\/p>\n","protected":false},"author":2,"featured_media":0,"parent":0,"menu_order":0,"comment_status":"closed","ping_status":"closed","template":"","meta":{"footnotes":""},"class_list":["post-2594","page","type-page","status-publish","hentry","clearfix"],"_links":{"self":[{"href":"https:\/\/www.conservatoriodelasrosas.edu.mx\/Web\/wp-json\/wp\/v2\/pages\/2594","targetHints":{"allow":["GET"]}}],"collection":[{"href":"https:\/\/www.conservatoriodelasrosas.edu.mx\/Web\/wp-json\/wp\/v2\/pages"}],"about":[{"href":"https:\/\/www.conservatoriodelasrosas.edu.mx\/Web\/wp-json\/wp\/v2\/types\/page"}],"author":[{"embeddable":true,"href":"https:\/\/www.conservatoriodelasrosas.edu.mx\/Web\/wp-json\/wp\/v2\/users\/2"}],"replies":[{"embeddable":true,"href":"https:\/\/www.conservatoriodelasrosas.edu.mx\/Web\/wp-json\/wp\/v2\/comments?post=2594"}],"version-history":[{"count":10,"href":"https:\/\/www.conservatoriodelasrosas.edu.mx\/Web\/wp-json\/wp\/v2\/pages\/2594\/revisions"}],"predecessor-version":[{"id":4135,"href":"https:\/\/www.conservatoriodelasrosas.edu.mx\/Web\/wp-json\/wp\/v2\/pages\/2594\/revisions\/4135"}],"wp:attachment":[{"href":"https:\/\/www.conservatoriodelasrosas.edu.mx\/Web\/wp-json\/wp\/v2\/media?parent=2594"}],"curies":[{"name":"wp","href":"https:\/\/api.w.org\/{rel}","templated":true}]}}