{"id":3040,"date":"2020-06-24T10:49:10","date_gmt":"2020-06-24T15:49:10","guid":{"rendered":"https:\/\/www.conservatoriodelasrosas.edu.mx\/Web\/?p=3040"},"modified":"2021-06-15T18:38:44","modified_gmt":"2021-06-15T23:38:44","slug":"educacion-continua-en-verano-2020","status":"publish","type":"page","link":"https:\/\/www.conservatoriodelasrosas.edu.mx\/Web\/educacion-continua-en-verano-2020\/","title":{"rendered":"Educaci\u00f3n Continua en Verano 2020"},"content":{"rendered":"\t\t<div data-elementor-type=\"wp-post\" data-elementor-id=\"3040\" class=\"elementor elementor-3040\">\n\t\t\t\t\t\t<section class=\"elementor-section elementor-top-section elementor-element elementor-element-622cbce elementor-section-boxed elementor-section-height-default elementor-section-height-default\" data-id=\"622cbce\" data-element_type=\"section\" data-e-type=\"section\">\n\t\t\t\t\t\t<div class=\"elementor-container elementor-column-gap-default\">\n\t\t\t\t\t<div class=\"elementor-column elementor-col-100 elementor-top-column elementor-element elementor-element-f7e1bbe\" data-id=\"f7e1bbe\" data-element_type=\"column\" data-e-type=\"column\">\n\t\t\t<div class=\"elementor-widget-wrap elementor-element-populated\">\n\t\t\t\t\t\t<div class=\"elementor-element elementor-element-7d2bfbd elementor-widget elementor-widget-heading\" data-id=\"7d2bfbd\" data-element_type=\"widget\" data-e-type=\"widget\" data-widget_type=\"heading.default\">\n\t\t\t\t<div class=\"elementor-widget-container\">\n\t\t\t\t\t<h1 class=\"elementor-heading-title elementor-size-default\">Educaci\u00f3n Continua en Verano 2020<\/h1>\t\t\t\t<\/div>\n\t\t\t\t<\/div>\n\t\t\t\t\t<\/div>\n\t\t<\/div>\n\t\t\t\t\t<\/div>\n\t\t<\/section>\n\t\t\t\t<section class=\"elementor-section elementor-top-section elementor-element elementor-element-22527e4 elementor-section-boxed elementor-section-height-default elementor-section-height-default\" data-id=\"22527e4\" data-element_type=\"section\" data-e-type=\"section\">\n\t\t\t\t\t\t<div class=\"elementor-container elementor-column-gap-default\">\n\t\t\t\t\t<div class=\"elementor-column elementor-col-100 elementor-top-column elementor-element elementor-element-127a667\" data-id=\"127a667\" data-element_type=\"column\" data-e-type=\"column\">\n\t\t\t<div class=\"elementor-widget-wrap\">\n\t\t\t\t\t\t\t<\/div>\n\t\t<\/div>\n\t\t\t\t\t<\/div>\n\t\t<\/section>\n\t\t\t\t<section class=\"elementor-section elementor-top-section elementor-element elementor-element-e5404fa elementor-section-boxed elementor-section-height-default elementor-section-height-default\" data-id=\"e5404fa\" data-element_type=\"section\" data-e-type=\"section\">\n\t\t\t\t\t\t<div class=\"elementor-container elementor-column-gap-default\">\n\t\t\t\t\t<div class=\"elementor-column elementor-col-100 elementor-top-column elementor-element elementor-element-d919d85\" data-id=\"d919d85\" data-element_type=\"column\" data-e-type=\"column\">\n\t\t\t<div class=\"elementor-widget-wrap elementor-element-populated\">\n\t\t\t\t\t\t<div class=\"elementor-element elementor-element-19080c4 elementor-widget elementor-widget-image\" data-id=\"19080c4\" data-element_type=\"widget\" data-e-type=\"widget\" data-widget_type=\"image.default\">\n\t\t\t\t<div class=\"elementor-widget-container\">\n\t\t\t\t\t\t\t\t\t\t\t\t\t\t\t<img fetchpriority=\"high\" decoding=\"async\" width=\"755\" height=\"1024\" src=\"https:\/\/www.conservatoriodelasrosas.edu.mx\/Web\/wp-content\/uploads\/2020\/06\/photo_2020-06-24_10-11-44-755x1024.jpg\" class=\"attachment-large size-large wp-image-3043\" alt=\"\" srcset=\"https:\/\/www.conservatoriodelasrosas.edu.mx\/Web\/wp-content\/uploads\/2020\/06\/photo_2020-06-24_10-11-44-755x1024.jpg 755w, https:\/\/www.conservatoriodelasrosas.edu.mx\/Web\/wp-content\/uploads\/2020\/06\/photo_2020-06-24_10-11-44-221x300.jpg 221w, https:\/\/www.conservatoriodelasrosas.edu.mx\/Web\/wp-content\/uploads\/2020\/06\/photo_2020-06-24_10-11-44-768x1041.jpg 768w, https:\/\/www.conservatoriodelasrosas.edu.mx\/Web\/wp-content\/uploads\/2020\/06\/photo_2020-06-24_10-11-44.jpg 944w\" sizes=\"(max-width: 755px) 100vw, 755px\" \/>\t\t\t\t\t\t\t\t\t\t\t\t\t\t\t<\/div>\n\t\t\t\t<\/div>\n\t\t\t\t<div class=\"elementor-element elementor-element-7e43450 elementor-widget elementor-widget-heading\" data-id=\"7e43450\" data-element_type=\"widget\" data-e-type=\"widget\" data-widget_type=\"heading.default\">\n\t\t\t\t<div class=\"elementor-widget-container\">\n\t\t\t\t\t<h1 class=\"elementor-heading-title elementor-size-default\"><a href=\"https:\/\/conservatoriodelasrosas.edu.mx\/Intranet\/educacion-continua-verano-2020\/\" target=\"_blank\">&gt;&gt; Formulario de Inscripci\u00f3n para los cursos &lt;&lt;<\/a><\/h1>\t\t\t\t<\/div>\n\t\t\t\t<\/div>\n\t\t\t\t<div class=\"elementor-element elementor-element-e976c26 elementor-widget elementor-widget-text-editor\" data-id=\"e976c26\" data-element_type=\"widget\" data-e-type=\"widget\" data-widget_type=\"text-editor.default\">\n\t\t\t\t<div class=\"elementor-widget-container\">\n\t\t\t\t\t\t\t\t\t<blockquote><h2><a href=\"https:\/\/www.conservatoriodelasrosas.edu.mx\/Web\/pedagogia-musical\/\" target=\"_blank\" rel=\"noopener\"><strong>&gt;&gt;Convocatoria Pedagog\u00eda musical &lt;&lt;<\/strong><\/a><\/h2><h2><a href=\"https:\/\/www.conservatoriodelasrosas.edu.mx\/Web\/perfeccionamiento-en-canto\/\" target=\"_blank\" rel=\"noopener\"><strong>&gt;&gt; Convocatoria Perfeccionamiento en canto &lt;&lt;<\/strong><\/a><\/h2><h2><a href=\"https:\/\/www.conservatoriodelasrosas.edu.mx\/Web\/verano-2020-psicologia-de-la-musica\/\" target=\"_blank\" rel=\"noopener\"><strong>&gt;&gt; Convocatoria Psicolog\u00eda de la m\u00fasica &lt;&lt;<\/strong><\/a><\/h2><h2><a href=\"https:\/\/www.conservatoriodelasrosas.edu.mx\/Web\/jazz-improvisacion-para-instrumentistas-y-canto-sca\/\" target=\"_blank\" rel=\"noopener\"><strong>&gt;&gt; Convocatoria de Jazz \/ improvisaci\u00f3n para instrumentistas y canto SCAT &lt;&lt;<\/strong><\/a><\/h2><\/blockquote>\t\t\t\t\t\t\t\t<\/div>\n\t\t\t\t<\/div>\n\t\t\t\t\t<\/div>\n\t\t<\/div>\n\t\t\t\t\t<\/div>\n\t\t<\/section>\n\t\t\t\t<\/div>\n\t\t","protected":false},"excerpt":{"rendered":"<p>Educaci\u00f3n Continua en Verano 2020 &gt;&gt; Formulario de Inscripci\u00f3n para los cursos &lt;&lt; &gt;&gt;Convocatoria Pedagog\u00eda musical &lt;&lt; &gt;&gt; Convocatoria Perfeccionamiento en canto &lt;&lt; &gt;&gt; Convocatoria Psicolog\u00eda de la m\u00fasica &lt;&lt; &gt;&gt; Convocatoria de Jazz \/ improvisaci\u00f3n para instrumentistas y canto SCAT &lt;&lt;<\/p>\n","protected":false},"author":1,"featured_media":3043,"parent":0,"menu_order":0,"comment_status":"closed","ping_status":"closed","template":"","meta":{"footnotes":""},"class_list":["post-3040","page","type-page","status-publish","has-post-thumbnail","hentry","clearfix"],"_links":{"self":[{"href":"https:\/\/www.conservatoriodelasrosas.edu.mx\/Web\/wp-json\/wp\/v2\/pages\/3040","targetHints":{"allow":["GET"]}}],"collection":[{"href":"https:\/\/www.conservatoriodelasrosas.edu.mx\/Web\/wp-json\/wp\/v2\/pages"}],"about":[{"href":"https:\/\/www.conservatoriodelasrosas.edu.mx\/Web\/wp-json\/wp\/v2\/types\/page"}],"author":[{"embeddable":true,"href":"https:\/\/www.conservatoriodelasrosas.edu.mx\/Web\/wp-json\/wp\/v2\/users\/1"}],"replies":[{"embeddable":true,"href":"https:\/\/www.conservatoriodelasrosas.edu.mx\/Web\/wp-json\/wp\/v2\/comments?post=3040"}],"version-history":[{"count":16,"href":"https:\/\/www.conservatoriodelasrosas.edu.mx\/Web\/wp-json\/wp\/v2\/pages\/3040\/revisions"}],"predecessor-version":[{"id":3223,"href":"https:\/\/www.conservatoriodelasrosas.edu.mx\/Web\/wp-json\/wp\/v2\/pages\/3040\/revisions\/3223"}],"wp:featuredmedia":[{"embeddable":true,"href":"https:\/\/www.conservatoriodelasrosas.edu.mx\/Web\/wp-json\/wp\/v2\/media\/3043"}],"wp:attachment":[{"href":"https:\/\/www.conservatoriodelasrosas.edu.mx\/Web\/wp-json\/wp\/v2\/media?parent=3040"}],"curies":[{"name":"wp","href":"https:\/\/api.w.org\/{rel}","templated":true}]}}