{"id":953,"date":"2019-11-05T13:29:35","date_gmt":"2019-11-05T19:29:35","guid":{"rendered":"https:\/\/www.conservatoriodelasrosas.edu.mx\/Web\/?page_id=953"},"modified":"2020-02-06T11:04:44","modified_gmt":"2020-02-06T17:04:44","slug":"curso-de-verano-2019","status":"publish","type":"page","link":"https:\/\/www.conservatoriodelasrosas.edu.mx\/Web\/curso-de-verano-2019\/","title":{"rendered":"Curso de Verano 2019"},"content":{"rendered":"\t\t<div data-elementor-type=\"wp-page\" data-elementor-id=\"953\" class=\"elementor elementor-953\">\n\t\t\t\t\t\t<section class=\"elementor-section elementor-top-section elementor-element elementor-element-9698533 elementor-section-stretched elementor-section-full_width elementor-section-height-min-height elementor-section-height-default elementor-section-items-middle\" data-id=\"9698533\" data-element_type=\"section\" data-e-type=\"section\" data-settings=\"{&quot;stretch_section&quot;:&quot;section-stretched&quot;,&quot;background_background&quot;:&quot;slideshow&quot;,&quot;background_slideshow_gallery&quot;:[{&quot;id&quot;:2603,&quot;url&quot;:&quot;https:\\\/\\\/www.conservatoriodelasrosas.edu.mx\\\/Web\\\/wp-content\\\/uploads\\\/2020\\\/02\\\/Curso-de-Verano-Conservatorio-de-las-Rosas.jpg&quot;}],&quot;background_slideshow_loop&quot;:&quot;yes&quot;,&quot;background_slideshow_slide_duration&quot;:5000,&quot;background_slideshow_slide_transition&quot;:&quot;fade&quot;,&quot;background_slideshow_transition_duration&quot;:500}\">\n\t\t\t\t\t\t<div class=\"elementor-container elementor-column-gap-default\">\n\t\t\t\t\t<div class=\"elementor-column elementor-col-100 elementor-top-column elementor-element elementor-element-2ece44f4\" data-id=\"2ece44f4\" data-element_type=\"column\" data-e-type=\"column\">\n\t\t\t<div class=\"elementor-widget-wrap elementor-element-populated\">\n\t\t\t\t\t\t<div class=\"elementor-element elementor-element-4447d2fb elementor-widget elementor-widget-heading\" data-id=\"4447d2fb\" data-element_type=\"widget\" data-e-type=\"widget\" data-widget_type=\"heading.default\">\n\t\t\t\t<div class=\"elementor-widget-container\">\n\t\t\t\t\t<h1 class=\"elementor-heading-title elementor-size-xl\">Curso de Verano 2019<\/h1>\t\t\t\t<\/div>\n\t\t\t\t<\/div>\n\t\t\t\t\t<\/div>\n\t\t<\/div>\n\t\t\t\t\t<\/div>\n\t\t<\/section>\n\t\t\t\t<section class=\"elementor-section elementor-top-section elementor-element elementor-element-ef0ef70 elementor-section-boxed elementor-section-height-default elementor-section-height-default\" data-id=\"ef0ef70\" data-element_type=\"section\" data-e-type=\"section\">\n\t\t\t\t\t\t<div class=\"elementor-container elementor-column-gap-default\">\n\t\t\t\t\t<div class=\"elementor-column elementor-col-100 elementor-top-column elementor-element elementor-element-7d4fe91\" data-id=\"7d4fe91\" data-element_type=\"column\" data-e-type=\"column\">\n\t\t\t<div class=\"elementor-widget-wrap elementor-element-populated\">\n\t\t\t\t\t\t<div class=\"elementor-element elementor-element-00b218b elementor-widget elementor-widget-text-editor\" data-id=\"00b218b\" data-element_type=\"widget\" data-e-type=\"widget\" data-widget_type=\"text-editor.default\">\n\t\t\t\t<div class=\"elementor-widget-container\">\n\t\t\t\t\t\t\t\t\t<p style=\"text-align: center;\">El <em>Conservatorio de las Rosas<\/em> realizar\u00e1 del <strong>8 de Julio al 2 de Agosto<\/strong>, su <strong>tradicional Curso de Verano<\/strong>.<\/p><p><br \/>Este curso est\u00e1 dirigido a maestros, a amantes de la m\u00fasica que desean ampliar su formaci\u00f3n musical, y a ni\u00f1os y j\u00f3venes que quieran iniciar sus estudios musicales.<br \/>El reto para el Conservatorio con este curso es formar mejores p\u00fablicos y hacer posible a todas las personas el contacto real con una de las m\u00e1s altas manifestaciones del arte: <em>la m\u00fasica<\/em>.<\/p>\t\t\t\t\t\t\t\t<\/div>\n\t\t\t\t<\/div>\n\t\t\t\t<div class=\"elementor-element elementor-element-0f068d8 elementor-widget elementor-widget-spacer\" data-id=\"0f068d8\" data-element_type=\"widget\" data-e-type=\"widget\" data-widget_type=\"spacer.default\">\n\t\t\t\t<div class=\"elementor-widget-container\">\n\t\t\t\t\t\t\t<div class=\"elementor-spacer\">\n\t\t\t<div class=\"elementor-spacer-inner\"><\/div>\n\t\t<\/div>\n\t\t\t\t\t\t<\/div>\n\t\t\t\t<\/div>\n\t\t\t\t\t<\/div>\n\t\t<\/div>\n\t\t\t\t\t<\/div>\n\t\t<\/section>\n\t\t\t\t<section class=\"elementor-section elementor-top-section elementor-element elementor-element-12e425b elementor-section-boxed elementor-section-height-default elementor-section-height-default\" data-id=\"12e425b\" data-element_type=\"section\" data-e-type=\"section\">\n\t\t\t\t\t\t<div class=\"elementor-container elementor-column-gap-default\">\n\t\t\t\t\t<div class=\"elementor-column elementor-col-100 elementor-top-column elementor-element elementor-element-3731bda\" data-id=\"3731bda\" data-element_type=\"column\" data-e-type=\"column\">\n\t\t\t<div class=\"elementor-widget-wrap elementor-element-populated\">\n\t\t\t\t\t\t<div class=\"elementor-element elementor-element-f75e46a elementor-widget elementor-widget-toggle\" data-id=\"f75e46a\" data-element_type=\"widget\" data-e-type=\"widget\" data-widget_type=\"toggle.default\">\n\t\t\t\t<div class=\"elementor-widget-container\">\n\t\t\t\t\t\t\t<div class=\"elementor-toggle\">\n\t\t\t\t\t\t\t<div class=\"elementor-toggle-item\">\n\t\t\t\t\t<div id=\"elementor-tab-title-2591\" class=\"elementor-tab-title\" data-tab=\"1\" role=\"button\" aria-controls=\"elementor-tab-content-2591\" aria-expanded=\"false\">\n\t\t\t\t\t\t\t\t\t\t\t\t<span class=\"elementor-toggle-icon elementor-toggle-icon-left\" aria-hidden=\"true\">\n\t\t\t\t\t\t\t\t\t\t\t\t\t\t\t<span class=\"elementor-toggle-icon-closed\"><i class=\"fas fa-caret-right\"><\/i><\/span>\n\t\t\t\t\t\t\t\t<span class=\"elementor-toggle-icon-opened\"><i class=\"elementor-toggle-icon-opened fas fa-caret-up\"><\/i><\/span>\n\t\t\t\t\t\t\t\t\t\t\t\t\t<\/span>\n\t\t\t\t\t\t\t\t\t\t\t\t<a class=\"elementor-toggle-title\" tabindex=\"0\">Inscripci\u00f3n<\/a>\n\t\t\t\t\t<\/div>\n\n\t\t\t\t\t<div id=\"elementor-tab-content-2591\" class=\"elementor-tab-content elementor-clearfix\" data-tab=\"1\" role=\"region\" aria-labelledby=\"elementor-tab-title-2591\"><p style=\"text-align: center;\"><strong>Del 6 de Mayo al 21 de Junio de 2019 <\/strong><\/p><p>OPCIONES DE PAGO PARA REALIZAR TU INSCRIPCI\u00d3N YA SEA POR PRIMERA VEZ O DE REINGRESO.<\/p><p><span style=\"color: #338464;\"><strong>POR INTERNET:<\/strong><\/span><\/p><ul><li>\u00a0Deposita en SANTADER a la cuenta: <strong>22-00067495-7<\/strong>\u00a0o se deseas hacer transferencia bancaria la CLABE es: <strong>014470220006749570<\/strong>\u00a0a nombre del Conservatorio de las Rosas, A. C., indicando en la referencia el nombre del alumno que se inscribir\u00e1 y escanea el recibo o tomale una foto, porque se requiere para la ficha de admisi\u00f3n.<\/li><li>Llena la <a href=\"https:\/\/www.conservatoriodelasrosas.edu.mx\/Web\/formulario-curso-intensivo-de-verano-2019\/\" target=\"_blank\" rel=\"noopener\">ficha de Inscripci\u00f3n o Reinscripci\u00f3n<\/a>, seg\u00fan sea el caso, que aparece en la convocatoria y adjunta el recibo de pago. Si eres de Nuevo Ingreso, adjunta tu Acta de Nacimiento y C\u00e9dula del Curp., en un solo archivo.<\/li><li>Al recibir tu Inscripci\u00f3n o Reinscripci\u00f3n te llegar\u00e1 notificaci\u00f3n de recibido con un archivo adjunto en el que se te dar\u00e1n todas las indicaciones del curso.<\/li><li>Las personas de nuevo ingreso ser\u00e1n ubicadas en el nivel INICIAL. Si deseas presentar EXAMEN DE REUBICACI\u00d3N, deposita el costo del examen junto con el pago total del curso.Este examen se aplica el primer d\u00eda del curso. La programaci\u00f3n se elabora en base a la fecha en la que realices el tr\u00e1mite de inscripci\u00f3n.El Departamento de Servicios Escolares publicar\u00e1 la lista el primer d\u00eda del curso para que revises la hora en la que te corresponder\u00e1 presentar el examen.<\/li><\/ul><h5><span style=\"color: #338464;\"><strong>EN EL CONSERVATORIO DE LAS ROSAS (Campus Miguel Bernal):<\/strong><\/span><\/h5><ul><li>Realiza el pago en la Administraci\u00f3n de 9:00 a 2:00 p.m. de Lunes a Viernes.<\/li><li>Acudir a la oficina de Servicios Escolares en horario de 9:00 a 2:00 p.m. de Lunes a Viernes, con el recibo de pago para el llenado de la Ficha de Inscripci\u00f3n o Reinscripci\u00f3n y entregar copia de Acta de Nacimiento y C\u00e9dula del Curp (solo para personas de nuevo ingreso).<\/li><li>Las personas de nuevo ingreso ser\u00e1n ubicadas en el nivel INICIAL. Si deseas presentar EXAMEN DE REUBICACI\u00d3N, realiza el pago, junto con el pago total del curso.<\/li><li>Este examen se aplica el primer d\u00eda del curso. La programaci\u00f3n se elabora en base a la fecha en la que realices el tr\u00e1mite de inscripci\u00f3n.<\/li><\/ul><p>El Departamento de Servicios Escolares publicar\u00e1 la lista el primer d\u00eda del curso para que revises la hora en la que te corresponder\u00e1 presentar el examen.<\/p><\/div>\n\t\t\t\t<\/div>\n\t\t\t\t\t\t\t<div class=\"elementor-toggle-item\">\n\t\t\t\t\t<div id=\"elementor-tab-title-2592\" class=\"elementor-tab-title\" data-tab=\"2\" role=\"button\" aria-controls=\"elementor-tab-content-2592\" aria-expanded=\"false\">\n\t\t\t\t\t\t\t\t\t\t\t\t<span class=\"elementor-toggle-icon elementor-toggle-icon-left\" aria-hidden=\"true\">\n\t\t\t\t\t\t\t\t\t\t\t\t\t\t\t<span class=\"elementor-toggle-icon-closed\"><i class=\"fas fa-caret-right\"><\/i><\/span>\n\t\t\t\t\t\t\t\t<span class=\"elementor-toggle-icon-opened\"><i class=\"elementor-toggle-icon-opened fas fa-caret-up\"><\/i><\/span>\n\t\t\t\t\t\t\t\t\t\t\t\t\t<\/span>\n\t\t\t\t\t\t\t\t\t\t\t\t<a class=\"elementor-toggle-title\" tabindex=\"0\">Plan de estudios<\/a>\n\t\t\t\t\t<\/div>\n\n\t\t\t\t\t<div id=\"elementor-tab-content-2592\" class=\"elementor-tab-content elementor-clearfix\" data-tab=\"2\" role=\"region\" aria-labelledby=\"elementor-tab-title-2592\"><h4 align=\"center\"><strong><span style=\"color: #338464;\">Niveles: Inicial y Medio Inicial<\/span><\/strong><\/h4><table border=\"1\" cellspacing=\"0\" cellpadding=\"0\" align=\"center\"><tbody><tr><td valign=\"top\" width=\"236\"><strong>Materias<\/strong><\/td><td valign=\"top\" width=\"132\"><p align=\"center\"><strong>Hras.\/Semana<\/strong><\/p><\/td><\/tr><tr><td valign=\"top\" width=\"236\">Entrenamiento Auditivo<\/td><td valign=\"top\" width=\"132\"><p align=\"center\">10<\/p><\/td><\/tr><tr><td valign=\"top\" width=\"236\">Apreciaci\u00f3n Musical<\/td><td valign=\"top\" width=\"132\"><p align=\"center\">4<\/p><\/td><\/tr><tr><td valign=\"top\" width=\"236\">Historia de la M\u00fasica<\/td><td valign=\"top\" width=\"132\"><p align=\"center\">2<\/p><\/td><\/tr><tr><td valign=\"top\" width=\"236\">Coro Mixto<\/td><td valign=\"top\" width=\"132\"><p align=\"center\">4<\/p><\/td><\/tr><tr><td valign=\"top\" width=\"236\">Instrumento o Canto<\/td><td valign=\"top\" width=\"132\"><p align=\"center\">1<\/p><\/td><\/tr><tr><td valign=\"top\" width=\"236\"><strong>Total de horas de cada nivel<\/strong><\/td><td valign=\"top\" width=\"132\"><p align=\"center\"><strong>21<\/strong><\/p><\/td><\/tr><\/tbody><\/table><h4 align=\"center\"><span style=\"color: #338464;\"><strong>Nivel: Medio<\/strong><\/span><\/h4><table border=\"1\" cellspacing=\"0\" cellpadding=\"0\" align=\"center\"><tbody><tr><td valign=\"top\" width=\"236\"><strong>Materias<\/strong><\/td><td valign=\"top\" width=\"132\"><p align=\"center\"><strong>Hras.\/Semana<\/strong><\/p><\/td><\/tr><tr><td valign=\"top\" width=\"236\">Entrenamiento Auditivo<\/td><td valign=\"top\" width=\"132\"><p align=\"center\">10<\/p><\/td><\/tr><tr><td valign=\"top\" width=\"236\">Historia de la M\u00fasica<\/td><td valign=\"top\" width=\"132\"><p align=\"center\">2<\/p><\/td><\/tr><tr><td valign=\"top\" width=\"236\">Introducci\u00f3n a la Armon\u00eda<\/td><td valign=\"top\" width=\"132\"><p align=\"center\">4<\/p><\/td><\/tr><tr><td valign=\"top\" width=\"236\">Coro Mixto<\/td><td valign=\"top\" width=\"132\"><p align=\"center\">4<\/p><\/td><\/tr><tr><td valign=\"top\" width=\"236\">Instrumento o Canto<\/td><td valign=\"top\" width=\"132\"><p align=\"center\">1<\/p><\/td><\/tr><tr><td valign=\"top\" width=\"236\"><strong>Total de horas<\/strong><\/td><td valign=\"top\" width=\"132\"><p align=\"center\"><strong>21<\/strong><\/p><\/td><\/tr><\/tbody><\/table><h4 align=\"center\"><span style=\"color: #338464;\"><strong>Nivel: Medio Superior<\/strong><\/span><\/h4><table border=\"1\" cellspacing=\"0\" cellpadding=\"0\" align=\"center\"><tbody><tr><td valign=\"top\" width=\"236\"><strong>Materias<\/strong><\/td><td valign=\"top\" width=\"132\"><p align=\"center\"><strong>Hras.\/Semana<\/strong><\/p><\/td><\/tr><tr><td valign=\"top\" width=\"236\">Entrenamiento Auditivo<\/td><td valign=\"top\" width=\"132\"><p align=\"center\">10<\/p><\/td><\/tr><tr><td valign=\"top\" width=\"236\">Historia de la M\u00fasica<\/td><td valign=\"top\" width=\"132\"><p align=\"center\">2<\/p><\/td><\/tr><tr><td valign=\"top\" width=\"236\">Armon\u00eda<\/td><td valign=\"top\" width=\"132\"><p align=\"center\">3<\/p><\/td><\/tr><tr><td valign=\"top\" width=\"236\">An\u00e1lisis Musical<\/td><td valign=\"top\" width=\"132\"><p align=\"center\">3<\/p><\/td><\/tr><tr><td valign=\"top\" width=\"236\">Canto Gregoriano<\/td><td valign=\"top\" width=\"132\"><p align=\"center\">2<\/p><\/td><\/tr><tr><td valign=\"top\" width=\"236\">Coro Mixto<\/td><td valign=\"top\" width=\"132\"><p align=\"center\">4<\/p><\/td><\/tr><tr><td valign=\"top\" width=\"236\">Instrumento o Canto<\/td><td valign=\"top\" width=\"132\"><p align=\"center\">1<\/p><\/td><\/tr><tr><td valign=\"top\" width=\"236\"><strong>Total de horas<\/strong><\/td><td valign=\"top\" width=\"132\"><p align=\"center\"><strong>25<\/strong><\/p><\/td><\/tr><\/tbody><\/table><h4 align=\"center\"><span style=\"color: #338464;\"><strong>Nivel: Avanzado<\/strong><\/span><\/h4><table border=\"1\" cellspacing=\"0\" cellpadding=\"0\" align=\"center\"><tbody><tr><td valign=\"top\" width=\"236\"><strong>Materias<\/strong><\/td><td valign=\"top\" width=\"132\"><p align=\"center\"><strong>Hras.\/Semana<\/strong><\/p><\/td><\/tr><tr><td valign=\"top\" width=\"236\">Entrenamiento Auditivo<\/td><td valign=\"top\" width=\"132\"><p align=\"center\">10<\/p><\/td><\/tr><tr><td valign=\"top\" width=\"236\">Historia de la M\u00fasica<\/td><td valign=\"top\" width=\"132\"><p align=\"center\">2<\/p><\/td><\/tr><tr><td valign=\"top\" width=\"236\">Armon\u00eda<\/td><td valign=\"top\" width=\"132\"><p align=\"center\">3<\/p><\/td><\/tr><tr><td valign=\"top\" width=\"236\">An\u00e1lisis Musical<\/td><td valign=\"top\" width=\"132\"><p align=\"center\">3<\/p><\/td><\/tr><tr><td valign=\"top\" width=\"236\">Canto Gregoriano<\/td><td valign=\"top\" width=\"132\"><p align=\"center\">2<\/p><\/td><\/tr><tr><td valign=\"top\" width=\"236\">Coro Mixto<\/td><td valign=\"top\" width=\"132\"><p align=\"center\">4<\/p><\/td><\/tr><tr><td valign=\"top\" width=\"236\">Instrumento o Canto<\/td><td valign=\"top\" width=\"132\"><p align=\"center\">1<\/p><\/td><\/tr><tr><td valign=\"top\" width=\"236\"><strong>Total de horas<\/strong><\/td><td valign=\"top\" width=\"132\"><p align=\"center\"><strong>25<\/strong><strong>\u00a0<\/strong><\/p><\/td><\/tr><\/tbody><\/table><\/div>\n\t\t\t\t<\/div>\n\t\t\t\t\t\t\t<div class=\"elementor-toggle-item\">\n\t\t\t\t\t<div id=\"elementor-tab-title-2593\" class=\"elementor-tab-title\" data-tab=\"3\" role=\"button\" aria-controls=\"elementor-tab-content-2593\" aria-expanded=\"false\">\n\t\t\t\t\t\t\t\t\t\t\t\t<span class=\"elementor-toggle-icon elementor-toggle-icon-left\" aria-hidden=\"true\">\n\t\t\t\t\t\t\t\t\t\t\t\t\t\t\t<span class=\"elementor-toggle-icon-closed\"><i class=\"fas fa-caret-right\"><\/i><\/span>\n\t\t\t\t\t\t\t\t<span class=\"elementor-toggle-icon-opened\"><i class=\"elementor-toggle-icon-opened fas fa-caret-up\"><\/i><\/span>\n\t\t\t\t\t\t\t\t\t\t\t\t\t<\/span>\n\t\t\t\t\t\t\t\t\t\t\t\t<a class=\"elementor-toggle-title\" tabindex=\"0\">Instrumentos que pueden estudiarse en el curso<\/a>\n\t\t\t\t\t<\/div>\n\n\t\t\t\t\t<div id=\"elementor-tab-content-2593\" class=\"elementor-tab-content elementor-clearfix\" data-tab=\"3\" role=\"region\" aria-labelledby=\"elementor-tab-title-2593\"><p align=\"center\"><em>Piano, guitarra, bajo el\u00e9ctrico, \u00f3rgano, canto, viol\u00edn, viola, violoncello, contrabajo, flauta, clarinete, saxof\u00f3n, trompeta, tromb\u00f3n, fagot, corno franc\u00e9s, oboe, bater\u00eda, percusi\u00f3n (tambor, teclados y multipercusiones), percusi\u00f3n afrolatina (congas, timbal cubano, bong\u00f3 y percusi\u00f3n menor).<\/em><\/p><ul><li>El curso ofrece s\u00f3lo la ense\u00f1anza de un instrumento o canto. Si deseas estudiar otro (s) instrumento (s) solic\u00edtalo al momento de llenar la ficha de inscripci\u00f3n con su respectivo pago.<\/li><\/ul><\/div>\n\t\t\t\t<\/div>\n\t\t\t\t\t\t\t<div class=\"elementor-toggle-item\">\n\t\t\t\t\t<div id=\"elementor-tab-title-2594\" class=\"elementor-tab-title\" data-tab=\"4\" role=\"button\" aria-controls=\"elementor-tab-content-2594\" aria-expanded=\"false\">\n\t\t\t\t\t\t\t\t\t\t\t\t<span class=\"elementor-toggle-icon elementor-toggle-icon-left\" aria-hidden=\"true\">\n\t\t\t\t\t\t\t\t\t\t\t\t\t\t\t<span class=\"elementor-toggle-icon-closed\"><i class=\"fas fa-caret-right\"><\/i><\/span>\n\t\t\t\t\t\t\t\t<span class=\"elementor-toggle-icon-opened\"><i class=\"elementor-toggle-icon-opened fas fa-caret-up\"><\/i><\/span>\n\t\t\t\t\t\t\t\t\t\t\t\t\t<\/span>\n\t\t\t\t\t\t\t\t\t\t\t\t<a class=\"elementor-toggle-title\" tabindex=\"0\">Formalidades de Admisi\u00f3n<\/a>\n\t\t\t\t\t<\/div>\n\n\t\t\t\t\t<div id=\"elementor-tab-content-2594\" class=\"elementor-tab-content elementor-clearfix\" data-tab=\"4\" role=\"region\" aria-labelledby=\"elementor-tab-title-2594\"><ul><li>Tener como m\u00ednimo 9 a\u00f1os cumplido<\/li><li>Copia de acta de nacimiento<\/li><li>Copia de C\u00e9dula del CURP<\/li><li style=\"list-style-type: none;\">\u00a0<\/li><\/ul><p>Para extranjeros, presentar constancia que autorice su estancia legal en el pa\u00eds.<\/p><\/div>\n\t\t\t\t<\/div>\n\t\t\t\t\t\t\t<div class=\"elementor-toggle-item\">\n\t\t\t\t\t<div id=\"elementor-tab-title-2595\" class=\"elementor-tab-title\" data-tab=\"5\" role=\"button\" aria-controls=\"elementor-tab-content-2595\" aria-expanded=\"false\">\n\t\t\t\t\t\t\t\t\t\t\t\t<span class=\"elementor-toggle-icon elementor-toggle-icon-left\" aria-hidden=\"true\">\n\t\t\t\t\t\t\t\t\t\t\t\t\t\t\t<span class=\"elementor-toggle-icon-closed\"><i class=\"fas fa-caret-right\"><\/i><\/span>\n\t\t\t\t\t\t\t\t<span class=\"elementor-toggle-icon-opened\"><i class=\"elementor-toggle-icon-opened fas fa-caret-up\"><\/i><\/span>\n\t\t\t\t\t\t\t\t\t\t\t\t\t<\/span>\n\t\t\t\t\t\t\t\t\t\t\t\t<a class=\"elementor-toggle-title\" tabindex=\"0\">Detalles sobre el curso<\/a>\n\t\t\t\t\t<\/div>\n\n\t\t\t\t\t<div id=\"elementor-tab-content-2595\" class=\"elementor-tab-content elementor-clearfix\" data-tab=\"5\" role=\"region\" aria-labelledby=\"elementor-tab-title-2595\"><h4 style=\"text-align: center;\"><span style=\"color: #338464;\">COSTOS<\/span><\/h4><table border=\"0\" cellspacing=\"0\" cellpadding=\"0\" align=\"center\"><tbody><tr><td valign=\"top\" width=\"242\">Costo del curso<\/td><td valign=\"top\" width=\"122\"><p align=\"right\">$\u00a0\u00a0\u00a0\u00a0 5,085.00<\/p><\/td><\/tr><tr><td valign=\"top\" width=\"242\">Ense\u00f1anza de instrumento adicional<\/td><td valign=\"top\" width=\"122\"><p align=\"right\">$\u00a0\u00a0\u00a0\u00a0 1,100.00<\/p><\/td><\/tr><tr><td valign=\"top\" width=\"242\">Examen de Reubicaci\u00f3n<\/td><td valign=\"top\" width=\"122\"><p align=\"right\">$\u00a0\u00a0\u00a0\u00a0\u00a0\u00a0\u00a0 430.00<\/p><\/td><\/tr><\/tbody><\/table><p align=\"center\"><strong><em>(Se mantienen los mismos costos de los Cursos de Verano 2016, 2017 y 2018)<\/em><\/strong>.<\/p><h5 align=\"center\"><span style=\"color: #338464;\">HORARIO DEL CURSO<\/span><\/h5><p>El curso se imparte de Lunes a Viernes entre 8:00 a.m. y 2:00 p.m.<br \/>Si el horario de clase de Instrumento o Canto no se puede acomodar por la ma\u00f1ana, se impartir\u00e1 por la tarde, asistiendo una o dos veces por semana, seg\u00fan sea el caso.<\/p><p>Para tener derecho a la acreditaci\u00f3n del curso, es requisito:<\/p><ul><li>Cumplir con el 80% m\u00ednimo de asistencias en cada una de las asignaturas.<\/li><li>Cubrir satisfactoriamente los contenidos del programa dados a conocer al principio del curso por los maestros.<\/li><li>Acreditar todas las materias del nivel cursado.<\/li><li>Observar buena conducta.<\/li><\/ul><h5 align=\"center\"><span style=\"color: #338464;\">DOCUMENTOS QUE SE ENTREGAN AL FINAL DEL CURSO:<\/span><\/h5><ul><li>Boleta de calificaciones que incluye el nivel que cursaste y el n\u00famero de horas que acreditaste.<\/li><li>Reconocimiento del promedio (s) m\u00e1s alto (s) por nivel, para quien o quienes lo obtengan.<\/li><li>Diploma de los alumnos que terminan los 5 (cinco) niveles del curso. <strong><em>(Este diploma no te da ning\u00fan grado Acad\u00e9mico, solo es con valor curricular).<\/em><\/strong><\/li><\/ul><\/div>\n\t\t\t\t<\/div>\n\t\t\t\t\t\t\t\t<\/div>\n\t\t\t\t\t\t<\/div>\n\t\t\t\t<\/div>\n\t\t\t\t\t<\/div>\n\t\t<\/div>\n\t\t\t\t\t<\/div>\n\t\t<\/section>\n\t\t\t\t<\/div>\n\t\t","protected":false},"excerpt":{"rendered":"<p>Curso de Verano 2019 El Conservatorio de las Rosas realizar\u00e1 del 8 de Julio al 2 de Agosto, su tradicional Curso de Verano. Este curso est\u00e1 dirigido a maestros, a amantes de la m\u00fasica que desean ampliar su formaci\u00f3n musical, y a ni\u00f1os y j\u00f3venes que quieran iniciar sus estudios musicales.El reto para el Conservatorio con este curso es formar mejores p\u00fablicos y hacer posible&hellip; <\/p>\n","protected":false},"author":2,"featured_media":0,"parent":0,"menu_order":0,"comment_status":"closed","ping_status":"closed","template":"","meta":{"footnotes":""},"class_list":["post-953","page","type-page","status-publish","hentry","clearfix"],"_links":{"self":[{"href":"https:\/\/www.conservatoriodelasrosas.edu.mx\/Web\/wp-json\/wp\/v2\/pages\/953","targetHints":{"allow":["GET"]}}],"collection":[{"href":"https:\/\/www.conservatoriodelasrosas.edu.mx\/Web\/wp-json\/wp\/v2\/pages"}],"about":[{"href":"https:\/\/www.conservatoriodelasrosas.edu.mx\/Web\/wp-json\/wp\/v2\/types\/page"}],"author":[{"embeddable":true,"href":"https:\/\/www.conservatoriodelasrosas.edu.mx\/Web\/wp-json\/wp\/v2\/users\/2"}],"replies":[{"embeddable":true,"href":"https:\/\/www.conservatoriodelasrosas.edu.mx\/Web\/wp-json\/wp\/v2\/comments?post=953"}],"version-history":[{"count":15,"href":"https:\/\/www.conservatoriodelasrosas.edu.mx\/Web\/wp-json\/wp\/v2\/pages\/953\/revisions"}],"predecessor-version":[{"id":2620,"href":"https:\/\/www.conservatoriodelasrosas.edu.mx\/Web\/wp-json\/wp\/v2\/pages\/953\/revisions\/2620"}],"wp:attachment":[{"href":"https:\/\/www.conservatoriodelasrosas.edu.mx\/Web\/wp-json\/wp\/v2\/media?parent=953"}],"curies":[{"name":"wp","href":"https:\/\/api.w.org\/{rel}","templated":true}]}}